{"id":2914,"date":"2021-01-09T17:35:44","date_gmt":"2021-01-09T17:35:44","guid":{"rendered":"https:\/\/nordimeta.sigmasmile.com\/produto\/pistola-ms80\/"},"modified":"2021-01-09T17:35:44","modified_gmt":"2021-01-09T17:35:44","slug":"pistola-ms80","status":"publish","type":"product","link":"https:\/\/www.nordimeta.com\/es\/produto\/pistola-ms80\/","title":{"rendered":"PISTOLA MS80"},"content":{"rendered":"<p>Las pistolas <strong>MS80<\/strong> son las \u00fanicas pistolas de pegamento que funcionan con granulado de fusi\u00f3n en caliente sin aire comprimido. Simplemente con\u00e9ctelos al z\u00f3calo, listo.<\/p>\n<p>Use los controles termost\u00e1ticos para establecer la temperatura solicitada entre 20 \u00b0 C y 200 \u00b0 C y siempre trabajar\u00e1 con la temperatura \u00f3ptima del pegamento. Apriete el gatillo para aplicar el granulado derretido.<\/p>\n<p>Hay una gran cantidad de accesorios que hacen que el MS80 sea adecuado para muchas aplicaciones. El MS80 se vuelve m\u00e1s liviano como una pluma cuando se fija a un equilibrador, comprobado que es exitoso en la pr\u00e1ctica durante un largo per\u00edodo de tiempo.<\/p>\n","protected":false},"excerpt":{"rendered":"<p>Las pistolas MS80 son las \u00fanicas pistolas de pegamento que funcionan con granulado de fusi\u00f3n en caliente sin aire comprimido. Simplemente con\u00e9ctelos al z\u00f3calo, listo. Use los controles termost\u00e1ticos para establecer la temperatura solicitada entre 20 \u00b0 C y 200 \u00b0 C y siempre trabajar\u00e1 con la temperatura \u00f3ptima del pegamento. Apriete el gatillo para [&hellip;]<\/p>\n","protected":false},"featured_media":1099,"comment_status":"closed","ping_status":"closed","template":"","meta":{"site-sidebar-layout":"default","site-content-layout":"default","ast-site-content-layout":"default","site-content-style":"default","site-sidebar-style":"default","ast-global-header-display":"","ast-banner-title-visibility":"","ast-main-header-display":"","ast-hfb-above-header-display":"","ast-hfb-below-header-display":"","ast-hfb-mobile-header-display":"","site-post-title":"","ast-breadcrumbs-content":"","ast-featured-img":"","footer-sml-layout":"","ast-disable-related-posts":"","theme-transparent-header-meta":"default","adv-header-id-meta":"","stick-header-meta":"default","header-above-stick-meta":"","header-main-stick-meta":"","header-below-stick-meta":null,"astra-migrate-meta-layouts":"default","ast-page-background-enabled":"default","ast-page-background-meta":{"desktop":{"background-color":"","background-image":"","background-repeat":"repeat","background-position":"center center","background-size":"auto","background-attachment":"scroll","background-type":"","background-media":"","overlay-type":"","overlay-color":"","overlay-opacity":"","overlay-gradient":""},"tablet":{"background-color":"","background-image":"","background-repeat":"repeat","background-position":"center center","background-size":"auto","background-attachment":"scroll","background-type":"","background-media":"","overlay-type":"","overlay-color":"","overlay-opacity":"","overlay-gradient":""},"mobile":{"background-color":"","background-image":"","background-repeat":"repeat","background-position":"center center","background-size":"auto","background-attachment":"scroll","background-type":"","background-media":"","overlay-type":"","overlay-color":"","overlay-opacity":"","overlay-gradient":""}},"ast-content-background-meta":{"desktop":{"background-color":"var(--ast-global-color-5)","background-image":"","background-repeat":"repeat","background-position":"center center","background-size":"auto","background-attachment":"scroll","background-type":"","background-media":"","overlay-type":"","overlay-color":"","overlay-opacity":"","overlay-gradient":""},"tablet":{"background-color":"var(--ast-global-color-5)","background-image":"","background-repeat":"repeat","background-position":"center center","background-size":"auto","background-attachment":"scroll","background-type":"","background-media":"","overlay-type":"","overlay-color":"","overlay-opacity":"","overlay-gradient":""},"mobile":{"background-color":"var(--ast-global-color-5)","background-image":"","background-repeat":"repeat","background-position":"center center","background-size":"auto","background-attachment":"scroll","background-type":"","background-media":"","overlay-type":"","overlay-color":"","overlay-opacity":"","overlay-gradient":""}}},"product_brand":[],"product_cat":[115],"product_tag":[],"class_list":{"0":"post-2914","1":"product","2":"type-product","3":"status-publish","4":"has-post-thumbnail","6":"product_cat-pistola-es","7":"desktop-align-left","8":"tablet-align-left","9":"mobile-align-left","10":"ast-product-gallery-layout-horizontal-slider","11":"ast-product-gallery-with-no-image","12":"ast-product-tabs-layout-horizontal","14":"first","15":"outofstock","16":"taxable","17":"shipping-taxable","18":"product-type-simple"},"yoast_head":"<!-- This site is optimized with the Yoast SEO plugin v26.8 - https:\/\/yoast.com\/product\/yoast-seo-wordpress\/ -->\n<title>PISTOLA MS80 - Nordimeta<\/title>\n<meta name=\"robots\" content=\"index, follow, max-snippet:-1, max-image-preview:large, max-video-preview:-1\" \/>\n<link rel=\"canonical\" href=\"https:\/\/www.nordimeta.com\/produto\/pistola-ms80\/\" \/>\n<meta property=\"og:locale\" content=\"es_ES\" \/>\n<meta property=\"og:type\" content=\"article\" \/>\n<meta property=\"og:title\" content=\"PISTOLA MS80 - Nordimeta\" \/>\n<meta property=\"og:description\" content=\"Las pistolas MS80 son las \u00fanicas pistolas de pegamento que funcionan con granulado de fusi\u00f3n en caliente sin aire comprimido. Simplemente con\u00e9ctelos al z\u00f3calo, listo. Use los controles termost\u00e1ticos para establecer la temperatura solicitada entre 20 \u00b0 C y 200 \u00b0 C y siempre trabajar\u00e1 con la temperatura \u00f3ptima del pegamento. Apriete el gatillo para [&hellip;]\" \/>\n<meta property=\"og:url\" content=\"https:\/\/www.nordimeta.com\/produto\/pistola-ms80\/\" \/>\n<meta property=\"og:site_name\" content=\"Nordimeta\" \/>\n<meta property=\"og:image\" content=\"https:\/\/www.nordimeta.com\/wp-content\/uploads\/2021\/01\/loja-1.jpg\" \/>\n\t<meta property=\"og:image:width\" content=\"1080\" \/>\n\t<meta property=\"og:image:height\" content=\"1080\" \/>\n\t<meta property=\"og:image:type\" content=\"image\/jpeg\" \/>\n<meta name=\"twitter:card\" content=\"summary_large_image\" \/>\n<meta name=\"twitter:label1\" content=\"Tiempo de lectura\" \/>\n\t<meta name=\"twitter:data1\" content=\"1 minuto\" \/>\n<script type=\"application\/ld+json\" class=\"yoast-schema-graph\">{\"@context\":\"https:\/\/schema.org\",\"@graph\":[{\"@type\":\"WebPage\",\"@id\":\"https:\/\/www.nordimeta.com\/produto\/pistola-ms80\/\",\"url\":\"https:\/\/www.nordimeta.com\/produto\/pistola-ms80\/\",\"name\":\"PISTOLA MS80 - Nordimeta\",\"isPartOf\":{\"@id\":\"https:\/\/www.nordimeta.com\/#website\"},\"primaryImageOfPage\":{\"@id\":\"https:\/\/www.nordimeta.com\/produto\/pistola-ms80\/#primaryimage\"},\"image\":{\"@id\":\"https:\/\/www.nordimeta.com\/produto\/pistola-ms80\/#primaryimage\"},\"thumbnailUrl\":\"https:\/\/www.nordimeta.com\/wp-content\/uploads\/2021\/01\/loja-1.jpg\",\"datePublished\":\"2021-01-09T17:35:44+00:00\",\"breadcrumb\":{\"@id\":\"https:\/\/www.nordimeta.com\/produto\/pistola-ms80\/#breadcrumb\"},\"inLanguage\":\"es\",\"potentialAction\":[{\"@type\":\"ReadAction\",\"target\":[\"https:\/\/www.nordimeta.com\/produto\/pistola-ms80\/\"]}]},{\"@type\":\"ImageObject\",\"inLanguage\":\"es\",\"@id\":\"https:\/\/www.nordimeta.com\/produto\/pistola-ms80\/#primaryimage\",\"url\":\"https:\/\/www.nordimeta.com\/wp-content\/uploads\/2021\/01\/loja-1.jpg\",\"contentUrl\":\"https:\/\/www.nordimeta.com\/wp-content\/uploads\/2021\/01\/loja-1.jpg\",\"width\":1080,\"height\":1080},{\"@type\":\"BreadcrumbList\",\"@id\":\"https:\/\/www.nordimeta.com\/produto\/pistola-ms80\/#breadcrumb\",\"itemListElement\":[{\"@type\":\"ListItem\",\"position\":1,\"name\":\"Comienzo\",\"item\":\"https:\/\/www.nordimeta.com\/es\/\"},{\"@type\":\"ListItem\",\"position\":2,\"name\":\"Tienda\",\"item\":\"https:\/\/www.nordimeta.com\/es\/tienda\/\"},{\"@type\":\"ListItem\",\"position\":3,\"name\":\"PISTOLA MS80\"}]},{\"@type\":\"WebSite\",\"@id\":\"https:\/\/www.nordimeta.com\/#website\",\"url\":\"https:\/\/www.nordimeta.com\/\",\"name\":\"Nordimeta\",\"description\":\"Comercio y asistencia a equipos industriales\",\"publisher\":{\"@id\":\"https:\/\/www.nordimeta.com\/#organization\"},\"potentialAction\":[{\"@type\":\"SearchAction\",\"target\":{\"@type\":\"EntryPoint\",\"urlTemplate\":\"https:\/\/www.nordimeta.com\/?s={search_term_string}\"},\"query-input\":{\"@type\":\"PropertyValueSpecification\",\"valueRequired\":true,\"valueName\":\"search_term_string\"}}],\"inLanguage\":\"es\"},{\"@type\":\"Organization\",\"@id\":\"https:\/\/www.nordimeta.com\/#organization\",\"name\":\"NORDIMETA\",\"url\":\"https:\/\/www.nordimeta.com\/\",\"logo\":{\"@type\":\"ImageObject\",\"inLanguage\":\"es\",\"@id\":\"https:\/\/www.nordimeta.com\/#\/schema\/logo\/image\/\",\"url\":\"https:\/\/www.nordimeta.com\/wp-content\/uploads\/2020\/10\/cropped-nordimeta-logo.png\",\"contentUrl\":\"https:\/\/www.nordimeta.com\/wp-content\/uploads\/2020\/10\/cropped-nordimeta-logo.png\",\"width\":347,\"height\":115,\"caption\":\"NORDIMETA\"},\"image\":{\"@id\":\"https:\/\/www.nordimeta.com\/#\/schema\/logo\/image\/\"}}]}<\/script>\n<!-- \/ Yoast SEO plugin. -->","yoast_head_json":{"title":"PISTOLA MS80 - Nordimeta","robots":{"index":"index","follow":"follow","max-snippet":"max-snippet:-1","max-image-preview":"max-image-preview:large","max-video-preview":"max-video-preview:-1"},"canonical":"https:\/\/www.nordimeta.com\/produto\/pistola-ms80\/","og_locale":"es_ES","og_type":"article","og_title":"PISTOLA MS80 - Nordimeta","og_description":"Las pistolas MS80 son las \u00fanicas pistolas de pegamento que funcionan con granulado de fusi\u00f3n en caliente sin aire comprimido. Simplemente con\u00e9ctelos al z\u00f3calo, listo. Use los controles termost\u00e1ticos para establecer la temperatura solicitada entre 20 \u00b0 C y 200 \u00b0 C y siempre trabajar\u00e1 con la temperatura \u00f3ptima del pegamento. Apriete el gatillo para [&hellip;]","og_url":"https:\/\/www.nordimeta.com\/produto\/pistola-ms80\/","og_site_name":"Nordimeta","og_image":[{"width":1080,"height":1080,"url":"https:\/\/www.nordimeta.com\/wp-content\/uploads\/2021\/01\/loja-1.jpg","type":"image\/jpeg"}],"twitter_card":"summary_large_image","twitter_misc":{"Tiempo de lectura":"1 minuto"},"schema":{"@context":"https:\/\/schema.org","@graph":[{"@type":"WebPage","@id":"https:\/\/www.nordimeta.com\/produto\/pistola-ms80\/","url":"https:\/\/www.nordimeta.com\/produto\/pistola-ms80\/","name":"PISTOLA MS80 - Nordimeta","isPartOf":{"@id":"https:\/\/www.nordimeta.com\/#website"},"primaryImageOfPage":{"@id":"https:\/\/www.nordimeta.com\/produto\/pistola-ms80\/#primaryimage"},"image":{"@id":"https:\/\/www.nordimeta.com\/produto\/pistola-ms80\/#primaryimage"},"thumbnailUrl":"https:\/\/www.nordimeta.com\/wp-content\/uploads\/2021\/01\/loja-1.jpg","datePublished":"2021-01-09T17:35:44+00:00","breadcrumb":{"@id":"https:\/\/www.nordimeta.com\/produto\/pistola-ms80\/#breadcrumb"},"inLanguage":"es","potentialAction":[{"@type":"ReadAction","target":["https:\/\/www.nordimeta.com\/produto\/pistola-ms80\/"]}]},{"@type":"ImageObject","inLanguage":"es","@id":"https:\/\/www.nordimeta.com\/produto\/pistola-ms80\/#primaryimage","url":"https:\/\/www.nordimeta.com\/wp-content\/uploads\/2021\/01\/loja-1.jpg","contentUrl":"https:\/\/www.nordimeta.com\/wp-content\/uploads\/2021\/01\/loja-1.jpg","width":1080,"height":1080},{"@type":"BreadcrumbList","@id":"https:\/\/www.nordimeta.com\/produto\/pistola-ms80\/#breadcrumb","itemListElement":[{"@type":"ListItem","position":1,"name":"Comienzo","item":"https:\/\/www.nordimeta.com\/es\/"},{"@type":"ListItem","position":2,"name":"Tienda","item":"https:\/\/www.nordimeta.com\/es\/tienda\/"},{"@type":"ListItem","position":3,"name":"PISTOLA MS80"}]},{"@type":"WebSite","@id":"https:\/\/www.nordimeta.com\/#website","url":"https:\/\/www.nordimeta.com\/","name":"Nordimeta","description":"Comercio y asistencia a equipos industriales","publisher":{"@id":"https:\/\/www.nordimeta.com\/#organization"},"potentialAction":[{"@type":"SearchAction","target":{"@type":"EntryPoint","urlTemplate":"https:\/\/www.nordimeta.com\/?s={search_term_string}"},"query-input":{"@type":"PropertyValueSpecification","valueRequired":true,"valueName":"search_term_string"}}],"inLanguage":"es"},{"@type":"Organization","@id":"https:\/\/www.nordimeta.com\/#organization","name":"NORDIMETA","url":"https:\/\/www.nordimeta.com\/","logo":{"@type":"ImageObject","inLanguage":"es","@id":"https:\/\/www.nordimeta.com\/#\/schema\/logo\/image\/","url":"https:\/\/www.nordimeta.com\/wp-content\/uploads\/2020\/10\/cropped-nordimeta-logo.png","contentUrl":"https:\/\/www.nordimeta.com\/wp-content\/uploads\/2020\/10\/cropped-nordimeta-logo.png","width":347,"height":115,"caption":"NORDIMETA"},"image":{"@id":"https:\/\/www.nordimeta.com\/#\/schema\/logo\/image\/"}}]}},"_links":{"self":[{"href":"https:\/\/www.nordimeta.com\/es\/wp-json\/wp\/v2\/product\/2914","targetHints":{"allow":["GET"]}}],"collection":[{"href":"https:\/\/www.nordimeta.com\/es\/wp-json\/wp\/v2\/product"}],"about":[{"href":"https:\/\/www.nordimeta.com\/es\/wp-json\/wp\/v2\/types\/product"}],"replies":[{"embeddable":true,"href":"https:\/\/www.nordimeta.com\/es\/wp-json\/wp\/v2\/comments?post=2914"}],"version-history":[{"count":0,"href":"https:\/\/www.nordimeta.com\/es\/wp-json\/wp\/v2\/product\/2914\/revisions"}],"wp:featuredmedia":[{"embeddable":true,"href":"https:\/\/www.nordimeta.com\/es\/wp-json\/wp\/v2\/media\/1099"}],"wp:attachment":[{"href":"https:\/\/www.nordimeta.com\/es\/wp-json\/wp\/v2\/media?parent=2914"}],"wp:term":[{"taxonomy":"product_brand","embeddable":true,"href":"https:\/\/www.nordimeta.com\/es\/wp-json\/wp\/v2\/product_brand?post=2914"},{"taxonomy":"product_cat","embeddable":true,"href":"https:\/\/www.nordimeta.com\/es\/wp-json\/wp\/v2\/product_cat?post=2914"},{"taxonomy":"product_tag","embeddable":true,"href":"https:\/\/www.nordimeta.com\/es\/wp-json\/wp\/v2\/product_tag?post=2914"}],"curies":[{"name":"wp","href":"https:\/\/api.w.org\/{rel}","templated":true}]}}