{"id":2910,"date":"2021-01-09T17:43:45","date_gmt":"2021-01-09T17:43:45","guid":{"rendered":"https:\/\/nordimeta.sigmasmile.com\/produto\/pistola-ms200\/"},"modified":"2021-01-09T17:43:45","modified_gmt":"2021-01-09T17:43:45","slug":"pistola-ms200","status":"publish","type":"product","link":"https:\/\/www.nordimeta.com\/es\/produto\/pistola-ms200\/","title":{"rendered":"PISTOLA MS200"},"content":{"rendered":"<p>El MS 200 le permite procesar hotmelt en forma de barras de 43 mm, granulado y almohadas, sin necesidad de aire comprimido y gracias a su consumo de energ\u00eda de 500 vatios listo para funcionar en 5 minutos. El gran orificio de llenado hace que la capacidad de 250 ml sea m\u00e1s c\u00f3moda de llenar y reduce el derrame.<\/p>\n<p>Una forma ergon\u00f3mica \u00fanica y un gatillo ajustable permiten al usuario trabajar c\u00f3modamente y sin fatiga, adecuado incluso para manos delicadas y diestros y zurdos.<\/p>\n<p>El pie magn\u00e9tico integrado demuestra ser un verdadero ahorro de tiempo al dejar y levantar el aplicador en superficies magn\u00e9ticas. Un soporte de alambre proporciona un soporte seguro en superficies no magn\u00e9ticas.<\/p>\n<p>En combinaci\u00f3n con una variedad de boquillas disponibles, la MS 200 sirve para casi todas las aplicaciones de manera conveniente, flexible y profesional.<\/p>\n","protected":false},"excerpt":{"rendered":"<p>El MS 200 le permite procesar hotmelt en forma de barras de 43 mm, granulado y almohadas, sin necesidad de aire comprimido y gracias a su consumo de energ\u00eda de 500 vatios listo para funcionar en 5 minutos. El gran orificio de llenado hace que la capacidad de 250 ml sea m\u00e1s c\u00f3moda de llenar [&hellip;]<\/p>\n","protected":false},"featured_media":1104,"comment_status":"closed","ping_status":"closed","template":"","meta":{"site-sidebar-layout":"default","site-content-layout":"default","ast-site-content-layout":"default","site-content-style":"default","site-sidebar-style":"default","ast-global-header-display":"","ast-banner-title-visibility":"","ast-main-header-display":"","ast-hfb-above-header-display":"","ast-hfb-below-header-display":"","ast-hfb-mobile-header-display":"","site-post-title":"","ast-breadcrumbs-content":"","ast-featured-img":"","footer-sml-layout":"","ast-disable-related-posts":"","theme-transparent-header-meta":"default","adv-header-id-meta":"","stick-header-meta":"default","header-above-stick-meta":"","header-main-stick-meta":"","header-below-stick-meta":null,"astra-migrate-meta-layouts":"default","ast-page-background-enabled":"default","ast-page-background-meta":{"desktop":{"background-color":"","background-image":"","background-repeat":"repeat","background-position":"center center","background-size":"auto","background-attachment":"scroll","background-type":"","background-media":"","overlay-type":"","overlay-color":"","overlay-opacity":"","overlay-gradient":""},"tablet":{"background-color":"","background-image":"","background-repeat":"repeat","background-position":"center center","background-size":"auto","background-attachment":"scroll","background-type":"","background-media":"","overlay-type":"","overlay-color":"","overlay-opacity":"","overlay-gradient":""},"mobile":{"background-color":"","background-image":"","background-repeat":"repeat","background-position":"center center","background-size":"auto","background-attachment":"scroll","background-type":"","background-media":"","overlay-type":"","overlay-color":"","overlay-opacity":"","overlay-gradient":""}},"ast-content-background-meta":{"desktop":{"background-color":"var(--ast-global-color-5)","background-image":"","background-repeat":"repeat","background-position":"center center","background-size":"auto","background-attachment":"scroll","background-type":"","background-media":"","overlay-type":"","overlay-color":"","overlay-opacity":"","overlay-gradient":""},"tablet":{"background-color":"var(--ast-global-color-5)","background-image":"","background-repeat":"repeat","background-position":"center center","background-size":"auto","background-attachment":"scroll","background-type":"","background-media":"","overlay-type":"","overlay-color":"","overlay-opacity":"","overlay-gradient":""},"mobile":{"background-color":"var(--ast-global-color-5)","background-image":"","background-repeat":"repeat","background-position":"center center","background-size":"auto","background-attachment":"scroll","background-type":"","background-media":"","overlay-type":"","overlay-color":"","overlay-opacity":"","overlay-gradient":""}}},"product_brand":[],"product_cat":[115],"product_tag":[],"class_list":{"0":"post-2910","1":"product","2":"type-product","3":"status-publish","4":"has-post-thumbnail","6":"product_cat-pistola-es","7":"desktop-align-left","8":"tablet-align-left","9":"mobile-align-left","10":"ast-product-gallery-layout-horizontal-slider","11":"ast-product-gallery-with-no-image","12":"ast-product-tabs-layout-horizontal","14":"first","15":"outofstock","16":"taxable","17":"shipping-taxable","18":"product-type-simple"},"yoast_head":"<!-- This site is optimized with the Yoast SEO plugin v26.8 - https:\/\/yoast.com\/product\/yoast-seo-wordpress\/ -->\n<title>PISTOLA MS200 - Nordimeta<\/title>\n<meta name=\"robots\" content=\"index, follow, max-snippet:-1, max-image-preview:large, max-video-preview:-1\" \/>\n<link rel=\"canonical\" href=\"https:\/\/www.nordimeta.com\/produto\/pistola-ms200\/\" \/>\n<meta property=\"og:locale\" content=\"es_ES\" \/>\n<meta property=\"og:type\" content=\"article\" \/>\n<meta property=\"og:title\" content=\"PISTOLA MS200 - Nordimeta\" \/>\n<meta property=\"og:description\" content=\"El MS 200 le permite procesar hotmelt en forma de barras de 43 mm, granulado y almohadas, sin necesidad de aire comprimido y gracias a su consumo de energ\u00eda de 500 vatios listo para funcionar en 5 minutos. El gran orificio de llenado hace que la capacidad de 250 ml sea m\u00e1s c\u00f3moda de llenar [&hellip;]\" \/>\n<meta property=\"og:url\" content=\"https:\/\/www.nordimeta.com\/produto\/pistola-ms200\/\" \/>\n<meta property=\"og:site_name\" content=\"Nordimeta\" \/>\n<meta property=\"og:image\" content=\"https:\/\/www.nordimeta.com\/wp-content\/uploads\/2021\/01\/loja-2.jpg\" \/>\n\t<meta property=\"og:image:width\" content=\"1080\" \/>\n\t<meta property=\"og:image:height\" content=\"1080\" \/>\n\t<meta property=\"og:image:type\" content=\"image\/jpeg\" \/>\n<meta name=\"twitter:card\" content=\"summary_large_image\" \/>\n<meta name=\"twitter:label1\" content=\"Tiempo de lectura\" \/>\n\t<meta name=\"twitter:data1\" content=\"1 minuto\" \/>\n<script type=\"application\/ld+json\" class=\"yoast-schema-graph\">{\"@context\":\"https:\/\/schema.org\",\"@graph\":[{\"@type\":\"WebPage\",\"@id\":\"https:\/\/www.nordimeta.com\/produto\/pistola-ms200\/\",\"url\":\"https:\/\/www.nordimeta.com\/produto\/pistola-ms200\/\",\"name\":\"PISTOLA MS200 - Nordimeta\",\"isPartOf\":{\"@id\":\"https:\/\/www.nordimeta.com\/#website\"},\"primaryImageOfPage\":{\"@id\":\"https:\/\/www.nordimeta.com\/produto\/pistola-ms200\/#primaryimage\"},\"image\":{\"@id\":\"https:\/\/www.nordimeta.com\/produto\/pistola-ms200\/#primaryimage\"},\"thumbnailUrl\":\"https:\/\/www.nordimeta.com\/wp-content\/uploads\/2021\/01\/loja-2.jpg\",\"datePublished\":\"2021-01-09T17:43:45+00:00\",\"breadcrumb\":{\"@id\":\"https:\/\/www.nordimeta.com\/produto\/pistola-ms200\/#breadcrumb\"},\"inLanguage\":\"es\",\"potentialAction\":[{\"@type\":\"ReadAction\",\"target\":[\"https:\/\/www.nordimeta.com\/produto\/pistola-ms200\/\"]}]},{\"@type\":\"ImageObject\",\"inLanguage\":\"es\",\"@id\":\"https:\/\/www.nordimeta.com\/produto\/pistola-ms200\/#primaryimage\",\"url\":\"https:\/\/www.nordimeta.com\/wp-content\/uploads\/2021\/01\/loja-2.jpg\",\"contentUrl\":\"https:\/\/www.nordimeta.com\/wp-content\/uploads\/2021\/01\/loja-2.jpg\",\"width\":1080,\"height\":1080},{\"@type\":\"BreadcrumbList\",\"@id\":\"https:\/\/www.nordimeta.com\/produto\/pistola-ms200\/#breadcrumb\",\"itemListElement\":[{\"@type\":\"ListItem\",\"position\":1,\"name\":\"Comienzo\",\"item\":\"https:\/\/www.nordimeta.com\/es\/\"},{\"@type\":\"ListItem\",\"position\":2,\"name\":\"Tienda\",\"item\":\"https:\/\/www.nordimeta.com\/es\/tienda\/\"},{\"@type\":\"ListItem\",\"position\":3,\"name\":\"PISTOLA MS200\"}]},{\"@type\":\"WebSite\",\"@id\":\"https:\/\/www.nordimeta.com\/#website\",\"url\":\"https:\/\/www.nordimeta.com\/\",\"name\":\"Nordimeta\",\"description\":\"Comercio y asistencia a equipos industriales\",\"publisher\":{\"@id\":\"https:\/\/www.nordimeta.com\/#organization\"},\"potentialAction\":[{\"@type\":\"SearchAction\",\"target\":{\"@type\":\"EntryPoint\",\"urlTemplate\":\"https:\/\/www.nordimeta.com\/?s={search_term_string}\"},\"query-input\":{\"@type\":\"PropertyValueSpecification\",\"valueRequired\":true,\"valueName\":\"search_term_string\"}}],\"inLanguage\":\"es\"},{\"@type\":\"Organization\",\"@id\":\"https:\/\/www.nordimeta.com\/#organization\",\"name\":\"NORDIMETA\",\"url\":\"https:\/\/www.nordimeta.com\/\",\"logo\":{\"@type\":\"ImageObject\",\"inLanguage\":\"es\",\"@id\":\"https:\/\/www.nordimeta.com\/#\/schema\/logo\/image\/\",\"url\":\"https:\/\/www.nordimeta.com\/wp-content\/uploads\/2020\/10\/cropped-nordimeta-logo.png\",\"contentUrl\":\"https:\/\/www.nordimeta.com\/wp-content\/uploads\/2020\/10\/cropped-nordimeta-logo.png\",\"width\":347,\"height\":115,\"caption\":\"NORDIMETA\"},\"image\":{\"@id\":\"https:\/\/www.nordimeta.com\/#\/schema\/logo\/image\/\"}}]}<\/script>\n<!-- \/ Yoast SEO plugin. -->","yoast_head_json":{"title":"PISTOLA MS200 - Nordimeta","robots":{"index":"index","follow":"follow","max-snippet":"max-snippet:-1","max-image-preview":"max-image-preview:large","max-video-preview":"max-video-preview:-1"},"canonical":"https:\/\/www.nordimeta.com\/produto\/pistola-ms200\/","og_locale":"es_ES","og_type":"article","og_title":"PISTOLA MS200 - Nordimeta","og_description":"El MS 200 le permite procesar hotmelt en forma de barras de 43 mm, granulado y almohadas, sin necesidad de aire comprimido y gracias a su consumo de energ\u00eda de 500 vatios listo para funcionar en 5 minutos. El gran orificio de llenado hace que la capacidad de 250 ml sea m\u00e1s c\u00f3moda de llenar [&hellip;]","og_url":"https:\/\/www.nordimeta.com\/produto\/pistola-ms200\/","og_site_name":"Nordimeta","og_image":[{"width":1080,"height":1080,"url":"https:\/\/www.nordimeta.com\/wp-content\/uploads\/2021\/01\/loja-2.jpg","type":"image\/jpeg"}],"twitter_card":"summary_large_image","twitter_misc":{"Tiempo de lectura":"1 minuto"},"schema":{"@context":"https:\/\/schema.org","@graph":[{"@type":"WebPage","@id":"https:\/\/www.nordimeta.com\/produto\/pistola-ms200\/","url":"https:\/\/www.nordimeta.com\/produto\/pistola-ms200\/","name":"PISTOLA MS200 - Nordimeta","isPartOf":{"@id":"https:\/\/www.nordimeta.com\/#website"},"primaryImageOfPage":{"@id":"https:\/\/www.nordimeta.com\/produto\/pistola-ms200\/#primaryimage"},"image":{"@id":"https:\/\/www.nordimeta.com\/produto\/pistola-ms200\/#primaryimage"},"thumbnailUrl":"https:\/\/www.nordimeta.com\/wp-content\/uploads\/2021\/01\/loja-2.jpg","datePublished":"2021-01-09T17:43:45+00:00","breadcrumb":{"@id":"https:\/\/www.nordimeta.com\/produto\/pistola-ms200\/#breadcrumb"},"inLanguage":"es","potentialAction":[{"@type":"ReadAction","target":["https:\/\/www.nordimeta.com\/produto\/pistola-ms200\/"]}]},{"@type":"ImageObject","inLanguage":"es","@id":"https:\/\/www.nordimeta.com\/produto\/pistola-ms200\/#primaryimage","url":"https:\/\/www.nordimeta.com\/wp-content\/uploads\/2021\/01\/loja-2.jpg","contentUrl":"https:\/\/www.nordimeta.com\/wp-content\/uploads\/2021\/01\/loja-2.jpg","width":1080,"height":1080},{"@type":"BreadcrumbList","@id":"https:\/\/www.nordimeta.com\/produto\/pistola-ms200\/#breadcrumb","itemListElement":[{"@type":"ListItem","position":1,"name":"Comienzo","item":"https:\/\/www.nordimeta.com\/es\/"},{"@type":"ListItem","position":2,"name":"Tienda","item":"https:\/\/www.nordimeta.com\/es\/tienda\/"},{"@type":"ListItem","position":3,"name":"PISTOLA MS200"}]},{"@type":"WebSite","@id":"https:\/\/www.nordimeta.com\/#website","url":"https:\/\/www.nordimeta.com\/","name":"Nordimeta","description":"Comercio y asistencia a equipos industriales","publisher":{"@id":"https:\/\/www.nordimeta.com\/#organization"},"potentialAction":[{"@type":"SearchAction","target":{"@type":"EntryPoint","urlTemplate":"https:\/\/www.nordimeta.com\/?s={search_term_string}"},"query-input":{"@type":"PropertyValueSpecification","valueRequired":true,"valueName":"search_term_string"}}],"inLanguage":"es"},{"@type":"Organization","@id":"https:\/\/www.nordimeta.com\/#organization","name":"NORDIMETA","url":"https:\/\/www.nordimeta.com\/","logo":{"@type":"ImageObject","inLanguage":"es","@id":"https:\/\/www.nordimeta.com\/#\/schema\/logo\/image\/","url":"https:\/\/www.nordimeta.com\/wp-content\/uploads\/2020\/10\/cropped-nordimeta-logo.png","contentUrl":"https:\/\/www.nordimeta.com\/wp-content\/uploads\/2020\/10\/cropped-nordimeta-logo.png","width":347,"height":115,"caption":"NORDIMETA"},"image":{"@id":"https:\/\/www.nordimeta.com\/#\/schema\/logo\/image\/"}}]}},"_links":{"self":[{"href":"https:\/\/www.nordimeta.com\/es\/wp-json\/wp\/v2\/product\/2910","targetHints":{"allow":["GET"]}}],"collection":[{"href":"https:\/\/www.nordimeta.com\/es\/wp-json\/wp\/v2\/product"}],"about":[{"href":"https:\/\/www.nordimeta.com\/es\/wp-json\/wp\/v2\/types\/product"}],"replies":[{"embeddable":true,"href":"https:\/\/www.nordimeta.com\/es\/wp-json\/wp\/v2\/comments?post=2910"}],"version-history":[{"count":0,"href":"https:\/\/www.nordimeta.com\/es\/wp-json\/wp\/v2\/product\/2910\/revisions"}],"wp:featuredmedia":[{"embeddable":true,"href":"https:\/\/www.nordimeta.com\/es\/wp-json\/wp\/v2\/media\/1104"}],"wp:attachment":[{"href":"https:\/\/www.nordimeta.com\/es\/wp-json\/wp\/v2\/media?parent=2910"}],"wp:term":[{"taxonomy":"product_brand","embeddable":true,"href":"https:\/\/www.nordimeta.com\/es\/wp-json\/wp\/v2\/product_brand?post=2910"},{"taxonomy":"product_cat","embeddable":true,"href":"https:\/\/www.nordimeta.com\/es\/wp-json\/wp\/v2\/product_cat?post=2910"},{"taxonomy":"product_tag","embeddable":true,"href":"https:\/\/www.nordimeta.com\/es\/wp-json\/wp\/v2\/product_tag?post=2910"}],"curies":[{"name":"wp","href":"https:\/\/api.w.org\/{rel}","templated":true}]}}