{"id":4755,"date":"2021-03-28T23:16:36","date_gmt":"2021-03-28T23:16:36","guid":{"rendered":"https:\/\/nordimeta.sigmasmile.com\/politica-de-privacidad\/"},"modified":"2021-06-08T21:57:21","modified_gmt":"2021-06-08T21:57:21","slug":"politica-de-privacidad","status":"publish","type":"page","link":"https:\/\/www.nordimeta.com\/es\/politica-de-privacidad\/","title":{"rendered":"Pol\u00edtica de privacidad"},"content":{"rendered":"\t\t<div data-elementor-type=\"wp-page\" data-elementor-id=\"4755\" class=\"elementor elementor-4755 elementor-3\" data-elementor-post-type=\"page\">\n\t\t\t\t\t\t<section class=\"elementor-section elementor-top-section elementor-element elementor-element-54e9a26 elementor-section-full_width elementor-section-height-default elementor-section-height-default\" data-id=\"54e9a26\" data-element_type=\"section\">\n\t\t\t\t\t\t\t<div class=\"elementor-background-overlay\"><\/div>\n\t\t\t\t\t\t\t<div class=\"elementor-container elementor-column-gap-no\">\n\t\t\t\t\t<div class=\"elementor-column elementor-col-100 elementor-top-column elementor-element elementor-element-1931d47\" data-id=\"1931d47\" data-element_type=\"column\">\n\t\t\t<div class=\"elementor-widget-wrap elementor-element-populated\">\n\t\t\t\t\t\t<div class=\"elementor-element elementor-element-3a2a762 elementor-widget elementor-widget-image\" data-id=\"3a2a762\" data-element_type=\"widget\" data-widget_type=\"image.default\">\n\t\t\t\t<div class=\"elementor-widget-container\">\n\t\t\t\t\t\t\t\t\t\t\t\t\t\t\t<img fetchpriority=\"high\" decoding=\"async\" width=\"1640\" height=\"320\" src=\"https:\/\/www.nordimeta.com\/wp-content\/uploads\/2021\/03\/privacidade.jpg\" class=\"attachment-full size-full wp-image-4757\" alt=\"\" srcset=\"https:\/\/www.nordimeta.com\/wp-content\/uploads\/2021\/03\/privacidade.jpg 1640w, https:\/\/www.nordimeta.com\/wp-content\/uploads\/2021\/03\/privacidade-300x59.jpg 300w, https:\/\/www.nordimeta.com\/wp-content\/uploads\/2021\/03\/privacidade-1024x200.jpg 1024w, https:\/\/www.nordimeta.com\/wp-content\/uploads\/2021\/03\/privacidade-768x150.jpg 768w, https:\/\/www.nordimeta.com\/wp-content\/uploads\/2021\/03\/privacidade-1536x300.jpg 1536w, https:\/\/www.nordimeta.com\/wp-content\/uploads\/2021\/03\/privacidade-600x117.jpg 600w\" sizes=\"(max-width: 1640px) 100vw, 1640px\" \/>\t\t\t\t\t\t\t\t\t\t\t\t\t\t\t<\/div>\n\t\t\t\t<\/div>\n\t\t\t\t\t<\/div>\n\t\t<\/div>\n\t\t\t\t\t<\/div>\n\t\t<\/section>\n\t\t\t\t<section class=\"elementor-section elementor-top-section elementor-element elementor-element-9d733c3 elementor-section-boxed elementor-section-height-default elementor-section-height-default\" data-id=\"9d733c3\" data-element_type=\"section\">\n\t\t\t\t\t\t<div class=\"elementor-container elementor-column-gap-default\">\n\t\t\t\t\t<div class=\"elementor-column elementor-col-100 elementor-top-column elementor-element elementor-element-aaa41c3\" data-id=\"aaa41c3\" data-element_type=\"column\">\n\t\t\t<div class=\"elementor-widget-wrap elementor-element-populated\">\n\t\t\t\t\t\t<div class=\"elementor-element elementor-element-55e4c2e elementor-widget elementor-widget-spacer\" data-id=\"55e4c2e\" data-element_type=\"widget\" data-widget_type=\"spacer.default\">\n\t\t\t\t<div class=\"elementor-widget-container\">\n\t\t\t\t\t\t\t<div class=\"elementor-spacer\">\n\t\t\t<div class=\"elementor-spacer-inner\"><\/div>\n\t\t<\/div>\n\t\t\t\t\t\t<\/div>\n\t\t\t\t<\/div>\n\t\t\t\t<div class=\"elementor-element elementor-element-5bb38f0 elementor-widget elementor-widget-text-editor\" data-id=\"5bb38f0\" data-element_type=\"widget\" data-widget_type=\"text-editor.default\">\n\t\t\t\t<div class=\"elementor-widget-container\">\n\t\t\t\t\t\t\t\t\t<p>La seguridad de la informaci\u00f3n y la privacidad de los datos personales obtenidos para el desarrollo de las actividades de Nordimeta es una preocupaci\u00f3n de gesti\u00f3n, que determin\u00f3 la existencia de controles que reducen la probabilidad de incidentes de seguridad de la informaci\u00f3n o limitan su impacto.<br \/>Esta pol\u00edtica tambi\u00e9n tiene como objetivo garantizar la privacidad en la recogida y tratamiento de datos personales que pueda ser necesario llevar a cabo en el curso de las actividades de Nordimeta, con el fin de posibilitar el desarrollo de estas actividades y solo durante el per\u00edodo en el que estas actividades tener lugar.<br \/>Los datos recabados para cumplir con las obligaciones legales, se conservar\u00e1n durante el per\u00edodo de tiempo que sea necesario u obligatorio para el cumplimiento de las obligaciones contractuales, o durante el per\u00edodo que la ley requiera.<br \/>Siempre que se produzca una filtraci\u00f3n, p\u00e9rdida o vulneraci\u00f3n de datos personales que pueda implicar un alto riesgo para los derechos y libertades de sus usuarios, Nordimeta notificar\u00e1, dentro de las 72 horas siguientes a tener conocimiento del hecho, a las autoridades supervisoras y comunicar\u00e1 la situaci\u00f3n. a tiempo al titular (s) de los datos afectados.<br \/>Los datos recopilados no se compartir\u00e1n, vender\u00e1n ni ceder\u00e1n a otras organizaciones.<br \/>Los empleados de Nordimeta est\u00e1n sujetos a un acuerdo de confidencialidad y respetan esta Pol\u00edtica de seguridad de la informaci\u00f3n.<\/p>\n\t\t\t\t\t\t\t\t<\/div>\n\t\t\t\t<\/div>\n\t\t\t\t\t<\/div>\n\t\t<\/div>\n\t\t\t\t\t<\/div>\n\t\t<\/section>\n\t\t\t\t<\/div>\n\t\t","protected":false},"excerpt":{"rendered":"<p>La seguridad de la informaci\u00f3n y la privacidad de los datos personales obtenidos para el desarrollo de las actividades de Nordimeta es una preocupaci\u00f3n de gesti\u00f3n, que determin\u00f3 la existencia de controles que reducen la probabilidad de incidentes de seguridad de la informaci\u00f3n o limitan su impacto.Esta pol\u00edtica tambi\u00e9n tiene como objetivo garantizar la privacidad [&hellip;]<\/p>\n","protected":false},"author":1,"featured_media":0,"parent":0,"menu_order":0,"comment_status":"closed","ping_status":"closed","template":"elementor_header_footer","meta":{"site-sidebar-layout":"default","site-content-layout":"default","ast-site-content-layout":"default","site-content-style":"default","site-sidebar-style":"default","ast-global-header-display":"","ast-banner-title-visibility":"","ast-main-header-display":"disabled","ast-hfb-above-header-display":"","ast-hfb-below-header-display":"","ast-hfb-mobile-header-display":"","site-post-title":"disabled","ast-breadcrumbs-content":"disabled","ast-featured-img":"disabled","footer-sml-layout":"","ast-disable-related-posts":"","theme-transparent-header-meta":"default","adv-header-id-meta":"","stick-header-meta":"","header-above-stick-meta":"","header-main-stick-meta":"","header-below-stick-meta":"","astra-migrate-meta-layouts":"default","ast-page-background-enabled":"default","ast-page-background-meta":{"desktop":{"background-color":"","background-image":"","background-repeat":"repeat","background-position":"center center","background-size":"auto","background-attachment":"scroll","background-type":"","background-media":"","overlay-type":"","overlay-color":"","overlay-opacity":"","overlay-gradient":""},"tablet":{"background-color":"","background-image":"","background-repeat":"repeat","background-position":"center center","background-size":"auto","background-attachment":"scroll","background-type":"","background-media":"","overlay-type":"","overlay-color":"","overlay-opacity":"","overlay-gradient":""},"mobile":{"background-color":"","background-image":"","background-repeat":"repeat","background-position":"center center","background-size":"auto","background-attachment":"scroll","background-type":"","background-media":"","overlay-type":"","overlay-color":"","overlay-opacity":"","overlay-gradient":""}},"ast-content-background-meta":{"desktop":{"background-color":"var(--ast-global-color-5)","background-image":"","background-repeat":"repeat","background-position":"center center","background-size":"auto","background-attachment":"scroll","background-type":"","background-media":"","overlay-type":"","overlay-color":"","overlay-opacity":"","overlay-gradient":""},"tablet":{"background-color":"var(--ast-global-color-5)","background-image":"","background-repeat":"repeat","background-position":"center center","background-size":"auto","background-attachment":"scroll","background-type":"","background-media":"","overlay-type":"","overlay-color":"","overlay-opacity":"","overlay-gradient":""},"mobile":{"background-color":"var(--ast-global-color-5)","background-image":"","background-repeat":"repeat","background-position":"center center","background-size":"auto","background-attachment":"scroll","background-type":"","background-media":"","overlay-type":"","overlay-color":"","overlay-opacity":"","overlay-gradient":""}},"footnotes":""},"class_list":["post-4755","page","type-page","status-publish","hentry"],"yoast_head":"<!-- This site is optimized with the Yoast SEO plugin v26.8 - https:\/\/yoast.com\/product\/yoast-seo-wordpress\/ -->\n<title>Pol\u00edtica de privacidad - Nordimeta<\/title>\n<meta name=\"robots\" content=\"index, follow, max-snippet:-1, max-image-preview:large, max-video-preview:-1\" \/>\n<link rel=\"canonical\" href=\"https:\/\/www.nordimeta.com\/politica-privacidade\/\" \/>\n<meta property=\"og:locale\" content=\"es_ES\" \/>\n<meta property=\"og:type\" content=\"article\" \/>\n<meta property=\"og:title\" content=\"Pol\u00edtica de privacidad - Nordimeta\" \/>\n<meta property=\"og:description\" content=\"La seguridad de la informaci\u00f3n y la privacidad de los datos personales obtenidos para el desarrollo de las actividades de Nordimeta es una preocupaci\u00f3n de gesti\u00f3n, que determin\u00f3 la existencia de controles que reducen la probabilidad de incidentes de seguridad de la informaci\u00f3n o limitan su impacto.Esta pol\u00edtica tambi\u00e9n tiene como objetivo garantizar la privacidad [&hellip;]\" \/>\n<meta property=\"og:url\" content=\"https:\/\/www.nordimeta.com\/politica-privacidade\/\" \/>\n<meta property=\"og:site_name\" content=\"Nordimeta\" \/>\n<meta property=\"article:modified_time\" content=\"2021-06-08T21:57:21+00:00\" \/>\n<meta property=\"og:image\" content=\"https:\/\/www.nordimeta.com\/wp-content\/uploads\/2021\/03\/privacidade.jpg\" \/>\n<meta name=\"twitter:card\" content=\"summary_large_image\" \/>\n<meta name=\"twitter:label1\" content=\"Tiempo de lectura\" \/>\n\t<meta name=\"twitter:data1\" content=\"1 minuto\" \/>\n<script type=\"application\/ld+json\" class=\"yoast-schema-graph\">{\"@context\":\"https:\/\/schema.org\",\"@graph\":[{\"@type\":\"WebPage\",\"@id\":\"https:\/\/www.nordimeta.com\/politica-privacidade\/\",\"url\":\"https:\/\/www.nordimeta.com\/politica-privacidade\/\",\"name\":\"Pol\u00edtica de privacidad - Nordimeta\",\"isPartOf\":{\"@id\":\"https:\/\/www.nordimeta.com\/#website\"},\"primaryImageOfPage\":{\"@id\":\"https:\/\/www.nordimeta.com\/politica-privacidade\/#primaryimage\"},\"image\":{\"@id\":\"https:\/\/www.nordimeta.com\/politica-privacidade\/#primaryimage\"},\"thumbnailUrl\":\"https:\/\/www.nordimeta.com\/wp-content\/uploads\/2021\/03\/privacidade.jpg\",\"datePublished\":\"2021-03-28T23:16:36+00:00\",\"dateModified\":\"2021-06-08T21:57:21+00:00\",\"breadcrumb\":{\"@id\":\"https:\/\/www.nordimeta.com\/politica-privacidade\/#breadcrumb\"},\"inLanguage\":\"es\",\"potentialAction\":[{\"@type\":\"ReadAction\",\"target\":[\"https:\/\/www.nordimeta.com\/politica-privacidade\/\"]}]},{\"@type\":\"ImageObject\",\"inLanguage\":\"es\",\"@id\":\"https:\/\/www.nordimeta.com\/politica-privacidade\/#primaryimage\",\"url\":\"https:\/\/www.nordimeta.com\/wp-content\/uploads\/2021\/03\/privacidade.jpg\",\"contentUrl\":\"https:\/\/www.nordimeta.com\/wp-content\/uploads\/2021\/03\/privacidade.jpg\"},{\"@type\":\"BreadcrumbList\",\"@id\":\"https:\/\/www.nordimeta.com\/politica-privacidade\/#breadcrumb\",\"itemListElement\":[{\"@type\":\"ListItem\",\"position\":1,\"name\":\"Comienzo\",\"item\":\"https:\/\/www.nordimeta.com\/es\/\"},{\"@type\":\"ListItem\",\"position\":2,\"name\":\"Pol\u00edtica de privacidad\"}]},{\"@type\":\"WebSite\",\"@id\":\"https:\/\/www.nordimeta.com\/#website\",\"url\":\"https:\/\/www.nordimeta.com\/\",\"name\":\"Nordimeta\",\"description\":\"Comercio y asistencia a equipos industriales\",\"publisher\":{\"@id\":\"https:\/\/www.nordimeta.com\/#organization\"},\"potentialAction\":[{\"@type\":\"SearchAction\",\"target\":{\"@type\":\"EntryPoint\",\"urlTemplate\":\"https:\/\/www.nordimeta.com\/?s={search_term_string}\"},\"query-input\":{\"@type\":\"PropertyValueSpecification\",\"valueRequired\":true,\"valueName\":\"search_term_string\"}}],\"inLanguage\":\"es\"},{\"@type\":\"Organization\",\"@id\":\"https:\/\/www.nordimeta.com\/#organization\",\"name\":\"NORDIMETA\",\"url\":\"https:\/\/www.nordimeta.com\/\",\"logo\":{\"@type\":\"ImageObject\",\"inLanguage\":\"es\",\"@id\":\"https:\/\/www.nordimeta.com\/#\/schema\/logo\/image\/\",\"url\":\"https:\/\/www.nordimeta.com\/wp-content\/uploads\/2020\/10\/cropped-nordimeta-logo.png\",\"contentUrl\":\"https:\/\/www.nordimeta.com\/wp-content\/uploads\/2020\/10\/cropped-nordimeta-logo.png\",\"width\":347,\"height\":115,\"caption\":\"NORDIMETA\"},\"image\":{\"@id\":\"https:\/\/www.nordimeta.com\/#\/schema\/logo\/image\/\"}}]}<\/script>\n<!-- \/ Yoast SEO plugin. -->","yoast_head_json":{"title":"Pol\u00edtica de privacidad - Nordimeta","robots":{"index":"index","follow":"follow","max-snippet":"max-snippet:-1","max-image-preview":"max-image-preview:large","max-video-preview":"max-video-preview:-1"},"canonical":"https:\/\/www.nordimeta.com\/politica-privacidade\/","og_locale":"es_ES","og_type":"article","og_title":"Pol\u00edtica de privacidad - Nordimeta","og_description":"La seguridad de la informaci\u00f3n y la privacidad de los datos personales obtenidos para el desarrollo de las actividades de Nordimeta es una preocupaci\u00f3n de gesti\u00f3n, que determin\u00f3 la existencia de controles que reducen la probabilidad de incidentes de seguridad de la informaci\u00f3n o limitan su impacto.Esta pol\u00edtica tambi\u00e9n tiene como objetivo garantizar la privacidad [&hellip;]","og_url":"https:\/\/www.nordimeta.com\/politica-privacidade\/","og_site_name":"Nordimeta","article_modified_time":"2021-06-08T21:57:21+00:00","og_image":[{"url":"https:\/\/www.nordimeta.com\/wp-content\/uploads\/2021\/03\/privacidade.jpg","type":"","width":"","height":""}],"twitter_card":"summary_large_image","twitter_misc":{"Tiempo de lectura":"1 minuto"},"schema":{"@context":"https:\/\/schema.org","@graph":[{"@type":"WebPage","@id":"https:\/\/www.nordimeta.com\/politica-privacidade\/","url":"https:\/\/www.nordimeta.com\/politica-privacidade\/","name":"Pol\u00edtica de privacidad - Nordimeta","isPartOf":{"@id":"https:\/\/www.nordimeta.com\/#website"},"primaryImageOfPage":{"@id":"https:\/\/www.nordimeta.com\/politica-privacidade\/#primaryimage"},"image":{"@id":"https:\/\/www.nordimeta.com\/politica-privacidade\/#primaryimage"},"thumbnailUrl":"https:\/\/www.nordimeta.com\/wp-content\/uploads\/2021\/03\/privacidade.jpg","datePublished":"2021-03-28T23:16:36+00:00","dateModified":"2021-06-08T21:57:21+00:00","breadcrumb":{"@id":"https:\/\/www.nordimeta.com\/politica-privacidade\/#breadcrumb"},"inLanguage":"es","potentialAction":[{"@type":"ReadAction","target":["https:\/\/www.nordimeta.com\/politica-privacidade\/"]}]},{"@type":"ImageObject","inLanguage":"es","@id":"https:\/\/www.nordimeta.com\/politica-privacidade\/#primaryimage","url":"https:\/\/www.nordimeta.com\/wp-content\/uploads\/2021\/03\/privacidade.jpg","contentUrl":"https:\/\/www.nordimeta.com\/wp-content\/uploads\/2021\/03\/privacidade.jpg"},{"@type":"BreadcrumbList","@id":"https:\/\/www.nordimeta.com\/politica-privacidade\/#breadcrumb","itemListElement":[{"@type":"ListItem","position":1,"name":"Comienzo","item":"https:\/\/www.nordimeta.com\/es\/"},{"@type":"ListItem","position":2,"name":"Pol\u00edtica de privacidad"}]},{"@type":"WebSite","@id":"https:\/\/www.nordimeta.com\/#website","url":"https:\/\/www.nordimeta.com\/","name":"Nordimeta","description":"Comercio y asistencia a equipos industriales","publisher":{"@id":"https:\/\/www.nordimeta.com\/#organization"},"potentialAction":[{"@type":"SearchAction","target":{"@type":"EntryPoint","urlTemplate":"https:\/\/www.nordimeta.com\/?s={search_term_string}"},"query-input":{"@type":"PropertyValueSpecification","valueRequired":true,"valueName":"search_term_string"}}],"inLanguage":"es"},{"@type":"Organization","@id":"https:\/\/www.nordimeta.com\/#organization","name":"NORDIMETA","url":"https:\/\/www.nordimeta.com\/","logo":{"@type":"ImageObject","inLanguage":"es","@id":"https:\/\/www.nordimeta.com\/#\/schema\/logo\/image\/","url":"https:\/\/www.nordimeta.com\/wp-content\/uploads\/2020\/10\/cropped-nordimeta-logo.png","contentUrl":"https:\/\/www.nordimeta.com\/wp-content\/uploads\/2020\/10\/cropped-nordimeta-logo.png","width":347,"height":115,"caption":"NORDIMETA"},"image":{"@id":"https:\/\/www.nordimeta.com\/#\/schema\/logo\/image\/"}}]}},"_links":{"self":[{"href":"https:\/\/www.nordimeta.com\/es\/wp-json\/wp\/v2\/pages\/4755","targetHints":{"allow":["GET"]}}],"collection":[{"href":"https:\/\/www.nordimeta.com\/es\/wp-json\/wp\/v2\/pages"}],"about":[{"href":"https:\/\/www.nordimeta.com\/es\/wp-json\/wp\/v2\/types\/page"}],"author":[{"embeddable":true,"href":"https:\/\/www.nordimeta.com\/es\/wp-json\/wp\/v2\/users\/1"}],"replies":[{"embeddable":true,"href":"https:\/\/www.nordimeta.com\/es\/wp-json\/wp\/v2\/comments?post=4755"}],"version-history":[{"count":2,"href":"https:\/\/www.nordimeta.com\/es\/wp-json\/wp\/v2\/pages\/4755\/revisions"}],"predecessor-version":[{"id":5731,"href":"https:\/\/www.nordimeta.com\/es\/wp-json\/wp\/v2\/pages\/4755\/revisions\/5731"}],"wp:attachment":[{"href":"https:\/\/www.nordimeta.com\/es\/wp-json\/wp\/v2\/media?parent=4755"}],"curies":[{"name":"wp","href":"https:\/\/api.w.org\/{rel}","templated":true}]}}