{"id":3821,"date":"2021-03-28T20:54:58","date_gmt":"2021-03-28T20:54:58","guid":{"rendered":"https:\/\/nordimeta.sigmasmile.com\/technical-service\/"},"modified":"2021-06-14T21:01:46","modified_gmt":"2021-06-14T21:01:46","slug":"technical-service","status":"publish","type":"page","link":"https:\/\/www.nordimeta.com\/es\/technical-service\/","title":{"rendered":"Technical Service"},"content":{"rendered":"\t\t<div data-elementor-type=\"wp-page\" data-elementor-id=\"3821\" class=\"elementor elementor-3821 elementor-20\" data-elementor-post-type=\"page\">\n\t\t\t\t\t\t<section class=\"elementor-section elementor-top-section elementor-element elementor-element-b506436 elementor-section-boxed elementor-section-height-default elementor-section-height-default\" data-id=\"b506436\" data-element_type=\"section\">\n\t\t\t\t\t\t<div class=\"elementor-container elementor-column-gap-default\">\n\t\t\t\t\t<div class=\"elementor-column elementor-col-100 elementor-top-column elementor-element elementor-element-643017a\" data-id=\"643017a\" data-element_type=\"column\">\n\t\t\t<div class=\"elementor-widget-wrap elementor-element-populated\">\n\t\t\t\t\t\t<div class=\"elementor-element elementor-element-44ccdb9 elementor-widget elementor-widget-heading\" data-id=\"44ccdb9\" data-element_type=\"widget\" data-widget_type=\"heading.default\">\n\t\t\t\t<div class=\"elementor-widget-container\">\n\t\t\t\t\t<h2 class=\"elementor-heading-title elementor-size-default\">World Wide Technical Service<\/h2>\t\t\t\t<\/div>\n\t\t\t\t<\/div>\n\t\t\t\t\t<\/div>\n\t\t<\/div>\n\t\t\t\t\t<\/div>\n\t\t<\/section>\n\t\t\t\t<section class=\"elementor-section elementor-top-section elementor-element elementor-element-3fca207 elementor-section-content-middle elementor-section-boxed elementor-section-height-default elementor-section-height-default\" data-id=\"3fca207\" data-element_type=\"section\">\n\t\t\t\t\t\t<div class=\"elementor-container elementor-column-gap-default\">\n\t\t\t\t\t<div class=\"elementor-column elementor-col-50 elementor-top-column elementor-element elementor-element-a5214e7\" data-id=\"a5214e7\" data-element_type=\"column\">\n\t\t\t<div class=\"elementor-widget-wrap elementor-element-populated\">\n\t\t\t\t\t\t<div class=\"elementor-element elementor-element-16891f3 elementor-widget elementor-widget-text-editor\" data-id=\"16891f3\" data-element_type=\"widget\" data-widget_type=\"text-editor.default\">\n\t\t\t\t<div class=\"elementor-widget-container\">\n\t\t\t\t\t\t\t\t\t<p>Asistencia t\u00e9cnica permanente a equipos industriales seg\u00fan las necesidades de cada cliente.<\/p>\n<ul>\n<li>Disponibilidad permanente para mantenimiento preventivo o correctivo en cualquier parte del mundo;<\/li>\n<li>Control de existencias en l\u00ednea en una plataforma digital que garantiza la movilidad;<\/li>\n<li>R\u00e1pida respuesta y respuesta a imprevistos garantizada por veh\u00edculos de taller;<\/li>\n<li>Flexibilidad horaria y t\u00e9cnica capaz de responder asertivamente a cada cliente o aplicaci\u00f3n.<\/li>\n<\/ul>\n<p>Nordimeta, especialista en m\u00e1quinas industriales, garantiza un mantenimiento detallado de sus m\u00f3dulos, filtros, boquillas y mangueras, utilizando siempre los mejores productos de limpieza (cera de limpieza y disolvente de limpieza).<\/p>\n<p>Representamos a importantes empresas internacionales, tales como: FOCKE MELER, SABA, GRASSI, SABA, TECO, TECNOBOX, ERO, TIMMER, REKA, MERTMAKINA, ANGELERI, ERO y DURAK, lo que nos permite ofrecer el mejor servicio de mantenimiento del mercado. Tambi\u00e9n disponemos de productos con accesorios compatibles con otras marcas como NORDSON, MELTON, ROBATECH o PREO.<\/p>\n\t\t\t\t\t\t\t\t<\/div>\n\t\t\t\t<\/div>\n\t\t\t\t\t<\/div>\n\t\t<\/div>\n\t\t\t\t<div class=\"elementor-column elementor-col-50 elementor-top-column elementor-element elementor-element-333f8ee\" data-id=\"333f8ee\" data-element_type=\"column\">\n\t\t\t<div class=\"elementor-widget-wrap elementor-element-populated\">\n\t\t\t\t\t\t<div class=\"elementor-element elementor-element-558d5c4 elementor-widget elementor-widget-image\" data-id=\"558d5c4\" data-element_type=\"widget\" data-widget_type=\"image.default\">\n\t\t\t\t<div class=\"elementor-widget-container\">\n\t\t\t\t\t\t\t\t\t\t\t\t\t\t\t<img fetchpriority=\"high\" decoding=\"async\" width=\"768\" height=\"1024\" src=\"https:\/\/www.nordimeta.com\/wp-content\/uploads\/2021\/05\/nordimeta-tecnical-service-768x1024.jpg\" class=\"attachment-medium_large size-medium_large wp-image-5577\" alt=\"\" srcset=\"https:\/\/www.nordimeta.com\/wp-content\/uploads\/2021\/05\/nordimeta-tecnical-service-768x1024.jpg 768w, https:\/\/www.nordimeta.com\/wp-content\/uploads\/2021\/05\/nordimeta-tecnical-service-225x300.jpg 225w, https:\/\/www.nordimeta.com\/wp-content\/uploads\/2021\/05\/nordimeta-tecnical-service-600x800.jpg 600w, https:\/\/www.nordimeta.com\/wp-content\/uploads\/2021\/05\/nordimeta-tecnical-service.jpg 1080w\" sizes=\"(max-width: 768px) 100vw, 768px\" \/>\t\t\t\t\t\t\t\t\t\t\t\t\t\t\t<\/div>\n\t\t\t\t<\/div>\n\t\t\t\t\t<\/div>\n\t\t<\/div>\n\t\t\t\t\t<\/div>\n\t\t<\/section>\n\t\t\t\t<section class=\"elementor-section elementor-top-section elementor-element elementor-element-beb6d82 elementor-hidden-desktop elementor-hidden-tablet elementor-hidden-phone elementor-section-boxed elementor-section-height-default elementor-section-height-default\" data-id=\"beb6d82\" data-element_type=\"section\">\n\t\t\t\t\t\t<div class=\"elementor-container elementor-column-gap-default\">\n\t\t\t\t\t<div class=\"elementor-column elementor-col-100 elementor-top-column elementor-element elementor-element-e86aaee\" data-id=\"e86aaee\" data-element_type=\"column\">\n\t\t\t<div class=\"elementor-widget-wrap elementor-element-populated\">\n\t\t\t\t\t\t<div class=\"elementor-element elementor-element-5b54f45 elementor-widget elementor-widget-text-editor\" data-id=\"5b54f45\" data-element_type=\"widget\" data-widget_type=\"text-editor.default\">\n\t\t\t\t<div class=\"elementor-widget-container\">\n\t\t\t\t\t\t\t\t\t<p>Assist\u00eancia T\u00e9cnica permanente a equipamentos industriais\u00a0de acordo com as necessidade de cada cliente.<\/p>\n<ul>\n<li>Disponibilidade permanente para manuten\u00e7\u00f5es\u00a0preventivas ou corretivas em qualquer parte do mundo;<\/li>\n<li>Controlo on-line de stocks em plataforma digital garantindo mobilidade;<\/li>\n<li>R\u00e1pida capacidade de resposta e de rea\u00e7\u00e3o a imprevistos garantida por ve\u00edculos-oficina;<\/li>\n<li>Flexibilidade hor\u00e1ria e t\u00e9cnica capaz de responder assertivamente a cada cliente ou aplica\u00e7\u00e3o.<\/li>\n<\/ul>\n<p>A Nordimeta, especialista em m\u00e1quinas industriais, garante uma manuten\u00e7\u00e3o pormenorizada aos seus m\u00f3dulos, filtros, bicos e mangueiras, utilizando sempre os melhores produtos de limpeza (cera de limpeza e diluente de limpeza).<\/p>\n<p>Representamos\u00a0grandes companhias internacionais,\u00a0como:\u00a0FOCKE MELER, SABA,\u00a0GRASSI,\u00a0SABA, TECO,\u00a0TECNOBOX,\u00a0ERO,\u00a0TIMMER, REKA, MERTMAKINA, ANGELERI, ERO e DURAK, que nos permite poder oferecer o melhor servi\u00e7o de manuten\u00e7\u00e3o\u00a0do mercado. Dispomos ainda de\u00a0produtos com acess\u00f3rios compat\u00edveis com outras marcas tais como NORDSON, MELTON, ROBATECH ou PREO.<\/p>\n\t\t\t\t\t\t\t\t<\/div>\n\t\t\t\t<\/div>\n\t\t\t\t<div class=\"elementor-element elementor-element-e8668e8 elementor-widget elementor-widget-image\" data-id=\"e8668e8\" data-element_type=\"widget\" data-widget_type=\"image.default\">\n\t\t\t\t<div class=\"elementor-widget-container\">\n\t\t\t\t\t\t\t\t\t\t\t\t\t\t\t<img decoding=\"async\" width=\"1920\" height=\"1367\" src=\"https:\/\/www.nordimeta.com\/wp-content\/uploads\/2021\/01\/nordimeta-tecnical-service.jpg\" class=\"attachment-full size-full wp-image-3823\" alt=\"\" srcset=\"https:\/\/www.nordimeta.com\/wp-content\/uploads\/2021\/01\/nordimeta-tecnical-service.jpg 1920w, https:\/\/www.nordimeta.com\/wp-content\/uploads\/2021\/01\/nordimeta-tecnical-service-300x214.jpg 300w, https:\/\/www.nordimeta.com\/wp-content\/uploads\/2021\/01\/nordimeta-tecnical-service-1024x729.jpg 1024w, https:\/\/www.nordimeta.com\/wp-content\/uploads\/2021\/01\/nordimeta-tecnical-service-768x547.jpg 768w, https:\/\/www.nordimeta.com\/wp-content\/uploads\/2021\/01\/nordimeta-tecnical-service-1536x1094.jpg 1536w, https:\/\/www.nordimeta.com\/wp-content\/uploads\/2021\/01\/nordimeta-tecnical-service-600x427.jpg 600w\" sizes=\"(max-width: 1920px) 100vw, 1920px\" \/>\t\t\t\t\t\t\t\t\t\t\t\t\t\t\t<\/div>\n\t\t\t\t<\/div>\n\t\t\t\t\t<\/div>\n\t\t<\/div>\n\t\t\t\t\t<\/div>\n\t\t<\/section>\n\t\t\t\t<section class=\"elementor-section elementor-top-section elementor-element elementor-element-197f3eb elementor-section-height-min-height elementor-section-boxed elementor-section-height-default elementor-section-items-middle\" data-id=\"197f3eb\" data-element_type=\"section\" data-settings=\"{&quot;background_background&quot;:&quot;classic&quot;}\">\n\t\t\t\t\t\t<div class=\"elementor-container elementor-column-gap-default\">\n\t\t\t\t\t<div class=\"elementor-column elementor-col-50 elementor-top-column elementor-element elementor-element-7de3e5e\" data-id=\"7de3e5e\" data-element_type=\"column\">\n\t\t\t<div class=\"elementor-widget-wrap elementor-element-populated\">\n\t\t\t\t\t\t<div class=\"elementor-element elementor-element-a486899 elementor-widget elementor-widget-heading\" data-id=\"a486899\" data-element_type=\"widget\" data-widget_type=\"heading.default\">\n\t\t\t\t<div class=\"elementor-widget-container\">\n\t\t\t\t\t<h4 class=\"elementor-heading-title elementor-size-default\"><span class=\"items\"> <strong> \u00bfNECESITA SERVICIO T\u00c9CNICO? <\/strong> <\/span><\/h4>\t\t\t\t<\/div>\n\t\t\t\t<\/div>\n\t\t\t\t\t<\/div>\n\t\t<\/div>\n\t\t\t\t<div class=\"elementor-column elementor-col-50 elementor-top-column elementor-element elementor-element-6bd48bc\" data-id=\"6bd48bc\" data-element_type=\"column\">\n\t\t\t<div class=\"elementor-widget-wrap elementor-element-populated\">\n\t\t\t\t\t\t<div class=\"jet-popup-target elementor-element elementor-element-f772fe4 elementor-widget elementor-widget-button\" data-id=\"f772fe4\" data-element_type=\"widget\" data-widget_type=\"button.default\">\n\t\t\t\t<div class=\"elementor-widget-container\">\n\t\t\t\t\t\t\t\t\t<div class=\"elementor-button-wrapper\">\n\t\t\t\t\t<a class=\"elementor-button elementor-button-link elementor-size-md\" href=\"#\">\n\t\t\t\t\t\t<span class=\"elementor-button-content-wrapper\">\n\t\t\t\t\t\t\t\t\t<span class=\"elementor-button-text\">SOLICITE SERVICIO T\u00c9CNICO<\/span>\n\t\t\t\t\t<\/span>\n\t\t\t\t\t<\/a>\n\t\t\t\t<\/div>\n\t\t\t\t\t\t\t\t<\/div>\n\t\t\t\t<\/div>\n\t\t\t\t\t<\/div>\n\t\t<\/div>\n\t\t\t\t\t<\/div>\n\t\t<\/section>\n\t\t\t\t<\/div>\n\t\t","protected":false},"excerpt":{"rendered":"<p>World Wide Technical Service Asistencia t\u00e9cnica permanente a equipos industriales seg\u00fan las necesidades de cada cliente. Disponibilidad permanente para mantenimiento preventivo o correctivo en cualquier parte del mundo; Control de existencias en l\u00ednea en una plataforma digital que garantiza la movilidad; R\u00e1pida respuesta y respuesta a imprevistos garantizada por veh\u00edculos de taller; Flexibilidad horaria y [&hellip;]<\/p>\n","protected":false},"author":1,"featured_media":0,"parent":0,"menu_order":0,"comment_status":"closed","ping_status":"closed","template":"","meta":{"site-sidebar-layout":"no-sidebar","site-content-layout":"page-builder","ast-site-content-layout":"default","site-content-style":"default","site-sidebar-style":"default","ast-global-header-display":"","ast-banner-title-visibility":"","ast-main-header-display":"","ast-hfb-above-header-display":"","ast-hfb-below-header-display":"","ast-hfb-mobile-header-display":"","site-post-title":"disabled","ast-breadcrumbs-content":"","ast-featured-img":"disabled","footer-sml-layout":"","ast-disable-related-posts":"","theme-transparent-header-meta":"default","adv-header-id-meta":"","stick-header-meta":"","header-above-stick-meta":"","header-main-stick-meta":"","header-below-stick-meta":"","astra-migrate-meta-layouts":"default","ast-page-background-enabled":"default","ast-page-background-meta":{"desktop":{"background-color":"","background-image":"","background-repeat":"repeat","background-position":"center center","background-size":"auto","background-attachment":"scroll","background-type":"","background-media":"","overlay-type":"","overlay-color":"","overlay-opacity":"","overlay-gradient":""},"tablet":{"background-color":"","background-image":"","background-repeat":"repeat","background-position":"center center","background-size":"auto","background-attachment":"scroll","background-type":"","background-media":"","overlay-type":"","overlay-color":"","overlay-opacity":"","overlay-gradient":""},"mobile":{"background-color":"","background-image":"","background-repeat":"repeat","background-position":"center center","background-size":"auto","background-attachment":"scroll","background-type":"","background-media":"","overlay-type":"","overlay-color":"","overlay-opacity":"","overlay-gradient":""}},"ast-content-background-meta":{"desktop":{"background-color":"var(--ast-global-color-5)","background-image":"","background-repeat":"repeat","background-position":"center center","background-size":"auto","background-attachment":"scroll","background-type":"","background-media":"","overlay-type":"","overlay-color":"","overlay-opacity":"","overlay-gradient":""},"tablet":{"background-color":"var(--ast-global-color-5)","background-image":"","background-repeat":"repeat","background-position":"center center","background-size":"auto","background-attachment":"scroll","background-type":"","background-media":"","overlay-type":"","overlay-color":"","overlay-opacity":"","overlay-gradient":""},"mobile":{"background-color":"var(--ast-global-color-5)","background-image":"","background-repeat":"repeat","background-position":"center center","background-size":"auto","background-attachment":"scroll","background-type":"","background-media":"","overlay-type":"","overlay-color":"","overlay-opacity":"","overlay-gradient":""}},"footnotes":""},"class_list":["post-3821","page","type-page","status-publish","hentry"],"yoast_head":"<!-- This site is optimized with the Yoast SEO plugin v26.8 - https:\/\/yoast.com\/product\/yoast-seo-wordpress\/ -->\n<title>Technical Service - Nordimeta<\/title>\n<meta name=\"robots\" content=\"index, follow, max-snippet:-1, max-image-preview:large, max-video-preview:-1\" \/>\n<link rel=\"canonical\" href=\"https:\/\/www.nordimeta.com\/assistencias-tecnicas\/\" \/>\n<meta property=\"og:locale\" content=\"es_ES\" \/>\n<meta property=\"og:type\" content=\"article\" \/>\n<meta property=\"og:title\" content=\"Technical Service - Nordimeta\" \/>\n<meta property=\"og:description\" content=\"World Wide Technical Service Asistencia t\u00e9cnica permanente a equipos industriales seg\u00fan las necesidades de cada cliente. Disponibilidad permanente para mantenimiento preventivo o correctivo en cualquier parte del mundo; Control de existencias en l\u00ednea en una plataforma digital que garantiza la movilidad; R\u00e1pida respuesta y respuesta a imprevistos garantizada por veh\u00edculos de taller; Flexibilidad horaria y [&hellip;]\" \/>\n<meta property=\"og:url\" content=\"https:\/\/www.nordimeta.com\/assistencias-tecnicas\/\" \/>\n<meta property=\"og:site_name\" content=\"Nordimeta\" \/>\n<meta property=\"article:modified_time\" content=\"2021-06-14T21:01:46+00:00\" \/>\n<meta property=\"og:image\" content=\"https:\/\/www.nordimeta.com\/wp-content\/uploads\/2021\/05\/nordimeta-tecnical-service-768x1024.jpg\" \/>\n<meta name=\"twitter:card\" content=\"summary_large_image\" \/>\n<meta name=\"twitter:label1\" content=\"Tiempo de lectura\" \/>\n\t<meta name=\"twitter:data1\" content=\"2 minutos\" \/>\n<script type=\"application\/ld+json\" class=\"yoast-schema-graph\">{\"@context\":\"https:\/\/schema.org\",\"@graph\":[{\"@type\":\"WebPage\",\"@id\":\"https:\/\/www.nordimeta.com\/assistencias-tecnicas\/\",\"url\":\"https:\/\/www.nordimeta.com\/assistencias-tecnicas\/\",\"name\":\"Technical Service - Nordimeta\",\"isPartOf\":{\"@id\":\"https:\/\/www.nordimeta.com\/#website\"},\"primaryImageOfPage\":{\"@id\":\"https:\/\/www.nordimeta.com\/assistencias-tecnicas\/#primaryimage\"},\"image\":{\"@id\":\"https:\/\/www.nordimeta.com\/assistencias-tecnicas\/#primaryimage\"},\"thumbnailUrl\":\"https:\/\/www.nordimeta.com\/wp-content\/uploads\/2021\/05\/nordimeta-tecnical-service-768x1024.jpg\",\"datePublished\":\"2021-03-28T20:54:58+00:00\",\"dateModified\":\"2021-06-14T21:01:46+00:00\",\"breadcrumb\":{\"@id\":\"https:\/\/www.nordimeta.com\/assistencias-tecnicas\/#breadcrumb\"},\"inLanguage\":\"es\",\"potentialAction\":[{\"@type\":\"ReadAction\",\"target\":[\"https:\/\/www.nordimeta.com\/assistencias-tecnicas\/\"]}]},{\"@type\":\"ImageObject\",\"inLanguage\":\"es\",\"@id\":\"https:\/\/www.nordimeta.com\/assistencias-tecnicas\/#primaryimage\",\"url\":\"https:\/\/www.nordimeta.com\/wp-content\/uploads\/2021\/05\/nordimeta-tecnical-service-768x1024.jpg\",\"contentUrl\":\"https:\/\/www.nordimeta.com\/wp-content\/uploads\/2021\/05\/nordimeta-tecnical-service-768x1024.jpg\"},{\"@type\":\"BreadcrumbList\",\"@id\":\"https:\/\/www.nordimeta.com\/assistencias-tecnicas\/#breadcrumb\",\"itemListElement\":[{\"@type\":\"ListItem\",\"position\":1,\"name\":\"Comienzo\",\"item\":\"https:\/\/www.nordimeta.com\/es\/\"},{\"@type\":\"ListItem\",\"position\":2,\"name\":\"Technical Service\"}]},{\"@type\":\"WebSite\",\"@id\":\"https:\/\/www.nordimeta.com\/#website\",\"url\":\"https:\/\/www.nordimeta.com\/\",\"name\":\"Nordimeta\",\"description\":\"Comercio y asistencia a equipos industriales\",\"publisher\":{\"@id\":\"https:\/\/www.nordimeta.com\/#organization\"},\"potentialAction\":[{\"@type\":\"SearchAction\",\"target\":{\"@type\":\"EntryPoint\",\"urlTemplate\":\"https:\/\/www.nordimeta.com\/?s={search_term_string}\"},\"query-input\":{\"@type\":\"PropertyValueSpecification\",\"valueRequired\":true,\"valueName\":\"search_term_string\"}}],\"inLanguage\":\"es\"},{\"@type\":\"Organization\",\"@id\":\"https:\/\/www.nordimeta.com\/#organization\",\"name\":\"NORDIMETA\",\"url\":\"https:\/\/www.nordimeta.com\/\",\"logo\":{\"@type\":\"ImageObject\",\"inLanguage\":\"es\",\"@id\":\"https:\/\/www.nordimeta.com\/#\/schema\/logo\/image\/\",\"url\":\"https:\/\/www.nordimeta.com\/wp-content\/uploads\/2020\/10\/cropped-nordimeta-logo.png\",\"contentUrl\":\"https:\/\/www.nordimeta.com\/wp-content\/uploads\/2020\/10\/cropped-nordimeta-logo.png\",\"width\":347,\"height\":115,\"caption\":\"NORDIMETA\"},\"image\":{\"@id\":\"https:\/\/www.nordimeta.com\/#\/schema\/logo\/image\/\"}}]}<\/script>\n<!-- \/ Yoast SEO plugin. -->","yoast_head_json":{"title":"Technical Service - Nordimeta","robots":{"index":"index","follow":"follow","max-snippet":"max-snippet:-1","max-image-preview":"max-image-preview:large","max-video-preview":"max-video-preview:-1"},"canonical":"https:\/\/www.nordimeta.com\/assistencias-tecnicas\/","og_locale":"es_ES","og_type":"article","og_title":"Technical Service - Nordimeta","og_description":"World Wide Technical Service Asistencia t\u00e9cnica permanente a equipos industriales seg\u00fan las necesidades de cada cliente. Disponibilidad permanente para mantenimiento preventivo o correctivo en cualquier parte del mundo; Control de existencias en l\u00ednea en una plataforma digital que garantiza la movilidad; R\u00e1pida respuesta y respuesta a imprevistos garantizada por veh\u00edculos de taller; Flexibilidad horaria y [&hellip;]","og_url":"https:\/\/www.nordimeta.com\/assistencias-tecnicas\/","og_site_name":"Nordimeta","article_modified_time":"2021-06-14T21:01:46+00:00","og_image":[{"url":"https:\/\/www.nordimeta.com\/wp-content\/uploads\/2021\/05\/nordimeta-tecnical-service-768x1024.jpg","type":"","width":"","height":""}],"twitter_card":"summary_large_image","twitter_misc":{"Tiempo de lectura":"2 minutos"},"schema":{"@context":"https:\/\/schema.org","@graph":[{"@type":"WebPage","@id":"https:\/\/www.nordimeta.com\/assistencias-tecnicas\/","url":"https:\/\/www.nordimeta.com\/assistencias-tecnicas\/","name":"Technical Service - Nordimeta","isPartOf":{"@id":"https:\/\/www.nordimeta.com\/#website"},"primaryImageOfPage":{"@id":"https:\/\/www.nordimeta.com\/assistencias-tecnicas\/#primaryimage"},"image":{"@id":"https:\/\/www.nordimeta.com\/assistencias-tecnicas\/#primaryimage"},"thumbnailUrl":"https:\/\/www.nordimeta.com\/wp-content\/uploads\/2021\/05\/nordimeta-tecnical-service-768x1024.jpg","datePublished":"2021-03-28T20:54:58+00:00","dateModified":"2021-06-14T21:01:46+00:00","breadcrumb":{"@id":"https:\/\/www.nordimeta.com\/assistencias-tecnicas\/#breadcrumb"},"inLanguage":"es","potentialAction":[{"@type":"ReadAction","target":["https:\/\/www.nordimeta.com\/assistencias-tecnicas\/"]}]},{"@type":"ImageObject","inLanguage":"es","@id":"https:\/\/www.nordimeta.com\/assistencias-tecnicas\/#primaryimage","url":"https:\/\/www.nordimeta.com\/wp-content\/uploads\/2021\/05\/nordimeta-tecnical-service-768x1024.jpg","contentUrl":"https:\/\/www.nordimeta.com\/wp-content\/uploads\/2021\/05\/nordimeta-tecnical-service-768x1024.jpg"},{"@type":"BreadcrumbList","@id":"https:\/\/www.nordimeta.com\/assistencias-tecnicas\/#breadcrumb","itemListElement":[{"@type":"ListItem","position":1,"name":"Comienzo","item":"https:\/\/www.nordimeta.com\/es\/"},{"@type":"ListItem","position":2,"name":"Technical Service"}]},{"@type":"WebSite","@id":"https:\/\/www.nordimeta.com\/#website","url":"https:\/\/www.nordimeta.com\/","name":"Nordimeta","description":"Comercio y asistencia a equipos industriales","publisher":{"@id":"https:\/\/www.nordimeta.com\/#organization"},"potentialAction":[{"@type":"SearchAction","target":{"@type":"EntryPoint","urlTemplate":"https:\/\/www.nordimeta.com\/?s={search_term_string}"},"query-input":{"@type":"PropertyValueSpecification","valueRequired":true,"valueName":"search_term_string"}}],"inLanguage":"es"},{"@type":"Organization","@id":"https:\/\/www.nordimeta.com\/#organization","name":"NORDIMETA","url":"https:\/\/www.nordimeta.com\/","logo":{"@type":"ImageObject","inLanguage":"es","@id":"https:\/\/www.nordimeta.com\/#\/schema\/logo\/image\/","url":"https:\/\/www.nordimeta.com\/wp-content\/uploads\/2020\/10\/cropped-nordimeta-logo.png","contentUrl":"https:\/\/www.nordimeta.com\/wp-content\/uploads\/2020\/10\/cropped-nordimeta-logo.png","width":347,"height":115,"caption":"NORDIMETA"},"image":{"@id":"https:\/\/www.nordimeta.com\/#\/schema\/logo\/image\/"}}]}},"_links":{"self":[{"href":"https:\/\/www.nordimeta.com\/es\/wp-json\/wp\/v2\/pages\/3821","targetHints":{"allow":["GET"]}}],"collection":[{"href":"https:\/\/www.nordimeta.com\/es\/wp-json\/wp\/v2\/pages"}],"about":[{"href":"https:\/\/www.nordimeta.com\/es\/wp-json\/wp\/v2\/types\/page"}],"author":[{"embeddable":true,"href":"https:\/\/www.nordimeta.com\/es\/wp-json\/wp\/v2\/users\/1"}],"replies":[{"embeddable":true,"href":"https:\/\/www.nordimeta.com\/es\/wp-json\/wp\/v2\/comments?post=3821"}],"version-history":[{"count":2,"href":"https:\/\/www.nordimeta.com\/es\/wp-json\/wp\/v2\/pages\/3821\/revisions"}],"predecessor-version":[{"id":5723,"href":"https:\/\/www.nordimeta.com\/es\/wp-json\/wp\/v2\/pages\/3821\/revisions\/5723"}],"wp:attachment":[{"href":"https:\/\/www.nordimeta.com\/es\/wp-json\/wp\/v2\/media?parent=3821"}],"curies":[{"name":"wp","href":"https:\/\/api.w.org\/{rel}","templated":true}]}}