{"id":3666,"date":"2021-03-28T19:18:41","date_gmt":"2021-03-28T19:18:41","guid":{"rendered":"https:\/\/nordimeta.sigmasmile.com\/proyectos-especiales\/"},"modified":"2021-08-19T20:52:46","modified_gmt":"2021-08-19T20:52:46","slug":"proyectos-especiales","status":"publish","type":"page","link":"https:\/\/www.nordimeta.com\/es\/proyectos-especiales\/","title":{"rendered":"Proyectos especiales"},"content":{"rendered":"\t\t<div data-elementor-type=\"wp-page\" data-elementor-id=\"3666\" class=\"elementor elementor-3666 elementor-2415\" data-elementor-post-type=\"page\">\n\t\t\t\t\t\t<section class=\"elementor-section elementor-top-section elementor-element elementor-element-0d0fd6a elementor-section-full_width elementor-section-height-default elementor-section-height-default\" data-id=\"0d0fd6a\" data-element_type=\"section\">\n\t\t\t\t\t\t\t<div class=\"elementor-background-overlay\"><\/div>\n\t\t\t\t\t\t\t<div class=\"elementor-container elementor-column-gap-no\">\n\t\t\t\t\t<div class=\"elementor-column elementor-col-100 elementor-top-column elementor-element elementor-element-88faf0f\" data-id=\"88faf0f\" data-element_type=\"column\">\n\t\t\t<div class=\"elementor-widget-wrap elementor-element-populated\">\n\t\t\t\t\t\t<div class=\"elementor-element elementor-element-7b16a57 elementor-widget elementor-widget-image\" data-id=\"7b16a57\" data-element_type=\"widget\" data-widget_type=\"image.default\">\n\t\t\t\t<div class=\"elementor-widget-container\">\n\t\t\t\t\t\t\t\t\t\t\t\t\t\t\t<img fetchpriority=\"high\" decoding=\"async\" width=\"1640\" height=\"320\" src=\"https:\/\/www.nordimeta.com\/wp-content\/uploads\/2021\/03\/projetos-espeicais.jpg\" class=\"attachment-full size-full wp-image-3668\" alt=\"\" srcset=\"https:\/\/www.nordimeta.com\/wp-content\/uploads\/2021\/03\/projetos-espeicais.jpg 1640w, https:\/\/www.nordimeta.com\/wp-content\/uploads\/2021\/03\/projetos-espeicais-300x59.jpg 300w, https:\/\/www.nordimeta.com\/wp-content\/uploads\/2021\/03\/projetos-espeicais-1024x200.jpg 1024w, https:\/\/www.nordimeta.com\/wp-content\/uploads\/2021\/03\/projetos-espeicais-768x150.jpg 768w, https:\/\/www.nordimeta.com\/wp-content\/uploads\/2021\/03\/projetos-espeicais-1536x300.jpg 1536w, https:\/\/www.nordimeta.com\/wp-content\/uploads\/2021\/03\/projetos-espeicais-600x117.jpg 600w\" sizes=\"(max-width: 1640px) 100vw, 1640px\" \/>\t\t\t\t\t\t\t\t\t\t\t\t\t\t\t<\/div>\n\t\t\t\t<\/div>\n\t\t\t\t\t<\/div>\n\t\t<\/div>\n\t\t\t\t\t<\/div>\n\t\t<\/section>\n\t\t\t\t<section class=\"elementor-section elementor-top-section elementor-element elementor-element-58d4708 elementor-section-boxed elementor-section-height-default elementor-section-height-default\" data-id=\"58d4708\" data-element_type=\"section\">\n\t\t\t\t\t\t<div class=\"elementor-container elementor-column-gap-default\">\n\t\t\t\t\t<div class=\"elementor-column elementor-col-100 elementor-top-column elementor-element elementor-element-aed1ba7\" data-id=\"aed1ba7\" data-element_type=\"column\">\n\t\t\t<div class=\"elementor-widget-wrap elementor-element-populated\">\n\t\t\t\t\t\t<div class=\"elementor-element elementor-element-0a8c73d elementor-widget elementor-widget-spacer\" data-id=\"0a8c73d\" data-element_type=\"widget\" data-widget_type=\"spacer.default\">\n\t\t\t\t<div class=\"elementor-widget-container\">\n\t\t\t\t\t\t\t<div class=\"elementor-spacer\">\n\t\t\t<div class=\"elementor-spacer-inner\"><\/div>\n\t\t<\/div>\n\t\t\t\t\t\t<\/div>\n\t\t\t\t<\/div>\n\t\t\t\t<div class=\"elementor-element elementor-element-06c141c elementor-widget elementor-widget-heading\" data-id=\"06c141c\" data-element_type=\"widget\" data-widget_type=\"heading.default\">\n\t\t\t\t<div class=\"elementor-widget-container\">\n\t\t\t\t\t<h2 class=\"elementor-heading-title elementor-size-default\">Proyectos especiales<\/h2>\t\t\t\t<\/div>\n\t\t\t\t<\/div>\n\t\t\t\t<div class=\"elementor-element elementor-element-172abff elementor-widget elementor-widget-text-editor\" data-id=\"172abff\" data-element_type=\"widget\" data-widget_type=\"text-editor.default\">\n\t\t\t\t<div class=\"elementor-widget-container\">\n\t\t\t\t\t\t\t\t\t<p><span style=\"color: #00ffff;\"><strong>Nordimeta<\/strong><\/span> ofrece un equipo completo y especializado, que tiene a su disposici\u00f3n todos los recursos necesarios para crear nuevas l\u00edneas de producci\u00f3n u optimizar las existentes, atendiendo siempre a las necesidades espec\u00edficas de cada cliente.<\/p>\n<p>Contamos con un amplio cat\u00e1logo, con varios tipos de m\u00e1quinas, para cubrir un mayor n\u00famero de industrias, con una excelente relaci\u00f3n precio \/ calidad.<\/p>\n\t\t\t\t\t\t\t\t<\/div>\n\t\t\t\t<\/div>\n\t\t\t\t<div class=\"elementor-element elementor-element-d9d0e84 elementor-widget elementor-widget-image-gallery\" data-id=\"d9d0e84\" data-element_type=\"widget\" data-widget_type=\"image-gallery.default\">\n\t\t\t\t<div class=\"elementor-widget-container\">\n\t\t\t\t\t\t\t<div class=\"elementor-image-gallery\">\n\t\t\t<div id='gallery-1' class='gallery galleryid-3666 gallery-columns-3 gallery-size-large'><figure class='gallery-item'>\n\t\t\t<div class='gallery-icon portrait'>\n\t\t\t\t<img decoding=\"async\" width=\"816\" height=\"1024\" src=\"https:\/\/www.nordimeta.com\/wp-content\/uploads\/2021\/03\/Projeto-2-816x1024.jpg\" class=\"attachment-large size-large\" alt=\"\" srcset=\"https:\/\/www.nordimeta.com\/wp-content\/uploads\/2021\/03\/Projeto-2-816x1024.jpg 816w, https:\/\/www.nordimeta.com\/wp-content\/uploads\/2021\/03\/Projeto-2-239x300.jpg 239w, https:\/\/www.nordimeta.com\/wp-content\/uploads\/2021\/03\/Projeto-2-768x964.jpg 768w, https:\/\/www.nordimeta.com\/wp-content\/uploads\/2021\/03\/Projeto-2-1224x1536.jpg 1224w, https:\/\/www.nordimeta.com\/wp-content\/uploads\/2021\/03\/Projeto-2-600x753.jpg 600w, https:\/\/www.nordimeta.com\/wp-content\/uploads\/2021\/03\/Projeto-2.jpg 1548w\" sizes=\"(max-width: 816px) 100vw, 816px\" \/>\n\t\t\t<\/div><\/figure><figure class='gallery-item'>\n\t\t\t<div class='gallery-icon portrait'>\n\t\t\t\t<img decoding=\"async\" width=\"816\" height=\"1024\" src=\"https:\/\/www.nordimeta.com\/wp-content\/uploads\/2021\/06\/nordimeta-projeto-especial-2-816x1024.jpg\" class=\"attachment-large size-large\" alt=\"\" srcset=\"https:\/\/www.nordimeta.com\/wp-content\/uploads\/2021\/06\/nordimeta-projeto-especial-2-816x1024.jpg 816w, https:\/\/www.nordimeta.com\/wp-content\/uploads\/2021\/06\/nordimeta-projeto-especial-2-239x300.jpg 239w, https:\/\/www.nordimeta.com\/wp-content\/uploads\/2021\/06\/nordimeta-projeto-especial-2-768x964.jpg 768w, https:\/\/www.nordimeta.com\/wp-content\/uploads\/2021\/06\/nordimeta-projeto-especial-2-1224x1536.jpg 1224w, https:\/\/www.nordimeta.com\/wp-content\/uploads\/2021\/06\/nordimeta-projeto-especial-2-600x753.jpg 600w, https:\/\/www.nordimeta.com\/wp-content\/uploads\/2021\/06\/nordimeta-projeto-especial-2.jpg 1548w\" sizes=\"(max-width: 816px) 100vw, 816px\" \/>\n\t\t\t<\/div><\/figure><figure class='gallery-item'>\n\t\t\t<div class='gallery-icon portrait'>\n\t\t\t\t<img loading=\"lazy\" decoding=\"async\" width=\"816\" height=\"1024\" src=\"https:\/\/www.nordimeta.com\/wp-content\/uploads\/2021\/06\/nordimeta-projeto-especial-3-816x1024.jpg\" class=\"attachment-large size-large\" alt=\"\" srcset=\"https:\/\/www.nordimeta.com\/wp-content\/uploads\/2021\/06\/nordimeta-projeto-especial-3-816x1024.jpg 816w, https:\/\/www.nordimeta.com\/wp-content\/uploads\/2021\/06\/nordimeta-projeto-especial-3-239x300.jpg 239w, https:\/\/www.nordimeta.com\/wp-content\/uploads\/2021\/06\/nordimeta-projeto-especial-3-768x964.jpg 768w, https:\/\/www.nordimeta.com\/wp-content\/uploads\/2021\/06\/nordimeta-projeto-especial-3-1224x1536.jpg 1224w, https:\/\/www.nordimeta.com\/wp-content\/uploads\/2021\/06\/nordimeta-projeto-especial-3-600x753.jpg 600w, https:\/\/www.nordimeta.com\/wp-content\/uploads\/2021\/06\/nordimeta-projeto-especial-3.jpg 1548w\" sizes=\"(max-width: 816px) 100vw, 816px\" \/>\n\t\t\t<\/div><\/figure>\n\t\t<\/div>\n\t\t<\/div>\n\t\t\t\t\t\t<\/div>\n\t\t\t\t<\/div>\n\t\t\t\t<div class=\"jet-popup-target elementor-element elementor-element-30063c6 elementor-align-center elementor-widget elementor-widget-button\" data-id=\"30063c6\" data-element_type=\"widget\" data-widget_type=\"button.default\">\n\t\t\t\t<div class=\"elementor-widget-container\">\n\t\t\t\t\t\t\t\t\t<div class=\"elementor-button-wrapper\">\n\t\t\t\t\t<a class=\"elementor-button elementor-button-link elementor-size-md\" href=\"#\">\n\t\t\t\t\t\t<span class=\"elementor-button-content-wrapper\">\n\t\t\t\t\t\t\t\t\t<span class=\"elementor-button-text\">SOLICITAR CONTACTO<\/span>\n\t\t\t\t\t<\/span>\n\t\t\t\t\t<\/a>\n\t\t\t\t<\/div>\n\t\t\t\t\t\t\t\t<\/div>\n\t\t\t\t<\/div>\n\t\t\t\t<div class=\"elementor-element elementor-element-6b74345 elementor-widget elementor-widget-spacer\" data-id=\"6b74345\" data-element_type=\"widget\" data-widget_type=\"spacer.default\">\n\t\t\t\t<div class=\"elementor-widget-container\">\n\t\t\t\t\t\t\t<div class=\"elementor-spacer\">\n\t\t\t<div class=\"elementor-spacer-inner\"><\/div>\n\t\t<\/div>\n\t\t\t\t\t\t<\/div>\n\t\t\t\t<\/div>\n\t\t\t\t\t<\/div>\n\t\t<\/div>\n\t\t\t\t\t<\/div>\n\t\t<\/section>\n\t\t\t\t<\/div>\n\t\t","protected":false},"excerpt":{"rendered":"<p>Proyectos especiales Nordimeta ofrece un equipo completo y especializado, que tiene a su disposici\u00f3n todos los recursos necesarios para crear nuevas l\u00edneas de producci\u00f3n u optimizar las existentes, atendiendo siempre a las necesidades espec\u00edficas de cada cliente. Contamos con un amplio cat\u00e1logo, con varios tipos de m\u00e1quinas, para cubrir un mayor n\u00famero de industrias, con [&hellip;]<\/p>\n","protected":false},"author":1,"featured_media":0,"parent":0,"menu_order":0,"comment_status":"closed","ping_status":"closed","template":"","meta":{"site-sidebar-layout":"no-sidebar","site-content-layout":"page-builder","ast-site-content-layout":"default","site-content-style":"default","site-sidebar-style":"default","ast-global-header-display":"","ast-banner-title-visibility":"","ast-main-header-display":"","ast-hfb-above-header-display":"","ast-hfb-below-header-display":"","ast-hfb-mobile-header-display":"","site-post-title":"disabled","ast-breadcrumbs-content":"","ast-featured-img":"disabled","footer-sml-layout":"","ast-disable-related-posts":"","theme-transparent-header-meta":"default","adv-header-id-meta":"","stick-header-meta":"","header-above-stick-meta":"","header-main-stick-meta":"","header-below-stick-meta":"","astra-migrate-meta-layouts":"default","ast-page-background-enabled":"default","ast-page-background-meta":{"desktop":{"background-color":"","background-image":"","background-repeat":"repeat","background-position":"center center","background-size":"auto","background-attachment":"scroll","background-type":"","background-media":"","overlay-type":"","overlay-color":"","overlay-opacity":"","overlay-gradient":""},"tablet":{"background-color":"","background-image":"","background-repeat":"repeat","background-position":"center center","background-size":"auto","background-attachment":"scroll","background-type":"","background-media":"","overlay-type":"","overlay-color":"","overlay-opacity":"","overlay-gradient":""},"mobile":{"background-color":"","background-image":"","background-repeat":"repeat","background-position":"center center","background-size":"auto","background-attachment":"scroll","background-type":"","background-media":"","overlay-type":"","overlay-color":"","overlay-opacity":"","overlay-gradient":""}},"ast-content-background-meta":{"desktop":{"background-color":"var(--ast-global-color-5)","background-image":"","background-repeat":"repeat","background-position":"center center","background-size":"auto","background-attachment":"scroll","background-type":"","background-media":"","overlay-type":"","overlay-color":"","overlay-opacity":"","overlay-gradient":""},"tablet":{"background-color":"var(--ast-global-color-5)","background-image":"","background-repeat":"repeat","background-position":"center center","background-size":"auto","background-attachment":"scroll","background-type":"","background-media":"","overlay-type":"","overlay-color":"","overlay-opacity":"","overlay-gradient":""},"mobile":{"background-color":"var(--ast-global-color-5)","background-image":"","background-repeat":"repeat","background-position":"center center","background-size":"auto","background-attachment":"scroll","background-type":"","background-media":"","overlay-type":"","overlay-color":"","overlay-opacity":"","overlay-gradient":""}},"footnotes":""},"class_list":["post-3666","page","type-page","status-publish","hentry"],"yoast_head":"<!-- This site is optimized with the Yoast SEO plugin v26.8 - https:\/\/yoast.com\/product\/yoast-seo-wordpress\/ -->\n<title>Proyectos especiales - Nordimeta<\/title>\n<meta name=\"robots\" content=\"index, follow, max-snippet:-1, max-image-preview:large, max-video-preview:-1\" \/>\n<link rel=\"canonical\" href=\"https:\/\/www.nordimeta.com\/es\/proyectos-especiales\/\" \/>\n<meta property=\"og:locale\" content=\"es_ES\" \/>\n<meta property=\"og:type\" content=\"article\" \/>\n<meta property=\"og:title\" content=\"Proyectos especiales - Nordimeta\" \/>\n<meta property=\"og:description\" content=\"Proyectos especiales Nordimeta ofrece un equipo completo y especializado, que tiene a su disposici\u00f3n todos los recursos necesarios para crear nuevas l\u00edneas de producci\u00f3n u optimizar las existentes, atendiendo siempre a las necesidades espec\u00edficas de cada cliente. Contamos con un amplio cat\u00e1logo, con varios tipos de m\u00e1quinas, para cubrir un mayor n\u00famero de industrias, con [&hellip;]\" \/>\n<meta property=\"og:url\" content=\"https:\/\/www.nordimeta.com\/es\/proyectos-especiales\/\" \/>\n<meta property=\"og:site_name\" content=\"Nordimeta\" \/>\n<meta property=\"article:modified_time\" content=\"2021-08-19T20:52:46+00:00\" \/>\n<meta property=\"og:image\" content=\"https:\/\/www.nordimeta.com\/wp-content\/uploads\/2021\/03\/projetos-espeicais.jpg\" \/>\n<meta name=\"twitter:card\" content=\"summary_large_image\" \/>\n<script type=\"application\/ld+json\" class=\"yoast-schema-graph\">{\"@context\":\"https:\/\/schema.org\",\"@graph\":[{\"@type\":\"WebPage\",\"@id\":\"https:\/\/www.nordimeta.com\/es\/proyectos-especiales\/\",\"url\":\"https:\/\/www.nordimeta.com\/es\/proyectos-especiales\/\",\"name\":\"Proyectos especiales - Nordimeta\",\"isPartOf\":{\"@id\":\"https:\/\/www.nordimeta.com\/#website\"},\"primaryImageOfPage\":{\"@id\":\"https:\/\/www.nordimeta.com\/es\/proyectos-especiales\/#primaryimage\"},\"image\":{\"@id\":\"https:\/\/www.nordimeta.com\/es\/proyectos-especiales\/#primaryimage\"},\"thumbnailUrl\":\"https:\/\/www.nordimeta.com\/wp-content\/uploads\/2021\/03\/projetos-espeicais.jpg\",\"datePublished\":\"2021-03-28T19:18:41+00:00\",\"dateModified\":\"2021-08-19T20:52:46+00:00\",\"breadcrumb\":{\"@id\":\"https:\/\/www.nordimeta.com\/es\/proyectos-especiales\/#breadcrumb\"},\"inLanguage\":\"es\",\"potentialAction\":[{\"@type\":\"ReadAction\",\"target\":[\"https:\/\/www.nordimeta.com\/es\/proyectos-especiales\/\"]}]},{\"@type\":\"ImageObject\",\"inLanguage\":\"es\",\"@id\":\"https:\/\/www.nordimeta.com\/es\/proyectos-especiales\/#primaryimage\",\"url\":\"https:\/\/www.nordimeta.com\/wp-content\/uploads\/2021\/03\/projetos-espeicais.jpg\",\"contentUrl\":\"https:\/\/www.nordimeta.com\/wp-content\/uploads\/2021\/03\/projetos-espeicais.jpg\"},{\"@type\":\"BreadcrumbList\",\"@id\":\"https:\/\/www.nordimeta.com\/es\/proyectos-especiales\/#breadcrumb\",\"itemListElement\":[{\"@type\":\"ListItem\",\"position\":1,\"name\":\"Comienzo\",\"item\":\"https:\/\/www.nordimeta.com\/es\/\"},{\"@type\":\"ListItem\",\"position\":2,\"name\":\"Proyectos especiales\"}]},{\"@type\":\"WebSite\",\"@id\":\"https:\/\/www.nordimeta.com\/#website\",\"url\":\"https:\/\/www.nordimeta.com\/\",\"name\":\"Nordimeta\",\"description\":\"Comercio y asistencia a equipos industriales\",\"publisher\":{\"@id\":\"https:\/\/www.nordimeta.com\/#organization\"},\"potentialAction\":[{\"@type\":\"SearchAction\",\"target\":{\"@type\":\"EntryPoint\",\"urlTemplate\":\"https:\/\/www.nordimeta.com\/?s={search_term_string}\"},\"query-input\":{\"@type\":\"PropertyValueSpecification\",\"valueRequired\":true,\"valueName\":\"search_term_string\"}}],\"inLanguage\":\"es\"},{\"@type\":\"Organization\",\"@id\":\"https:\/\/www.nordimeta.com\/#organization\",\"name\":\"NORDIMETA\",\"url\":\"https:\/\/www.nordimeta.com\/\",\"logo\":{\"@type\":\"ImageObject\",\"inLanguage\":\"es\",\"@id\":\"https:\/\/www.nordimeta.com\/#\/schema\/logo\/image\/\",\"url\":\"https:\/\/www.nordimeta.com\/wp-content\/uploads\/2020\/10\/cropped-nordimeta-logo.png\",\"contentUrl\":\"https:\/\/www.nordimeta.com\/wp-content\/uploads\/2020\/10\/cropped-nordimeta-logo.png\",\"width\":347,\"height\":115,\"caption\":\"NORDIMETA\"},\"image\":{\"@id\":\"https:\/\/www.nordimeta.com\/#\/schema\/logo\/image\/\"}}]}<\/script>\n<!-- \/ Yoast SEO plugin. -->","yoast_head_json":{"title":"Proyectos especiales - Nordimeta","robots":{"index":"index","follow":"follow","max-snippet":"max-snippet:-1","max-image-preview":"max-image-preview:large","max-video-preview":"max-video-preview:-1"},"canonical":"https:\/\/www.nordimeta.com\/es\/proyectos-especiales\/","og_locale":"es_ES","og_type":"article","og_title":"Proyectos especiales - Nordimeta","og_description":"Proyectos especiales Nordimeta ofrece un equipo completo y especializado, que tiene a su disposici\u00f3n todos los recursos necesarios para crear nuevas l\u00edneas de producci\u00f3n u optimizar las existentes, atendiendo siempre a las necesidades espec\u00edficas de cada cliente. Contamos con un amplio cat\u00e1logo, con varios tipos de m\u00e1quinas, para cubrir un mayor n\u00famero de industrias, con [&hellip;]","og_url":"https:\/\/www.nordimeta.com\/es\/proyectos-especiales\/","og_site_name":"Nordimeta","article_modified_time":"2021-08-19T20:52:46+00:00","og_image":[{"url":"https:\/\/www.nordimeta.com\/wp-content\/uploads\/2021\/03\/projetos-espeicais.jpg","type":"","width":"","height":""}],"twitter_card":"summary_large_image","schema":{"@context":"https:\/\/schema.org","@graph":[{"@type":"WebPage","@id":"https:\/\/www.nordimeta.com\/es\/proyectos-especiales\/","url":"https:\/\/www.nordimeta.com\/es\/proyectos-especiales\/","name":"Proyectos especiales - Nordimeta","isPartOf":{"@id":"https:\/\/www.nordimeta.com\/#website"},"primaryImageOfPage":{"@id":"https:\/\/www.nordimeta.com\/es\/proyectos-especiales\/#primaryimage"},"image":{"@id":"https:\/\/www.nordimeta.com\/es\/proyectos-especiales\/#primaryimage"},"thumbnailUrl":"https:\/\/www.nordimeta.com\/wp-content\/uploads\/2021\/03\/projetos-espeicais.jpg","datePublished":"2021-03-28T19:18:41+00:00","dateModified":"2021-08-19T20:52:46+00:00","breadcrumb":{"@id":"https:\/\/www.nordimeta.com\/es\/proyectos-especiales\/#breadcrumb"},"inLanguage":"es","potentialAction":[{"@type":"ReadAction","target":["https:\/\/www.nordimeta.com\/es\/proyectos-especiales\/"]}]},{"@type":"ImageObject","inLanguage":"es","@id":"https:\/\/www.nordimeta.com\/es\/proyectos-especiales\/#primaryimage","url":"https:\/\/www.nordimeta.com\/wp-content\/uploads\/2021\/03\/projetos-espeicais.jpg","contentUrl":"https:\/\/www.nordimeta.com\/wp-content\/uploads\/2021\/03\/projetos-espeicais.jpg"},{"@type":"BreadcrumbList","@id":"https:\/\/www.nordimeta.com\/es\/proyectos-especiales\/#breadcrumb","itemListElement":[{"@type":"ListItem","position":1,"name":"Comienzo","item":"https:\/\/www.nordimeta.com\/es\/"},{"@type":"ListItem","position":2,"name":"Proyectos especiales"}]},{"@type":"WebSite","@id":"https:\/\/www.nordimeta.com\/#website","url":"https:\/\/www.nordimeta.com\/","name":"Nordimeta","description":"Comercio y asistencia a equipos industriales","publisher":{"@id":"https:\/\/www.nordimeta.com\/#organization"},"potentialAction":[{"@type":"SearchAction","target":{"@type":"EntryPoint","urlTemplate":"https:\/\/www.nordimeta.com\/?s={search_term_string}"},"query-input":{"@type":"PropertyValueSpecification","valueRequired":true,"valueName":"search_term_string"}}],"inLanguage":"es"},{"@type":"Organization","@id":"https:\/\/www.nordimeta.com\/#organization","name":"NORDIMETA","url":"https:\/\/www.nordimeta.com\/","logo":{"@type":"ImageObject","inLanguage":"es","@id":"https:\/\/www.nordimeta.com\/#\/schema\/logo\/image\/","url":"https:\/\/www.nordimeta.com\/wp-content\/uploads\/2020\/10\/cropped-nordimeta-logo.png","contentUrl":"https:\/\/www.nordimeta.com\/wp-content\/uploads\/2020\/10\/cropped-nordimeta-logo.png","width":347,"height":115,"caption":"NORDIMETA"},"image":{"@id":"https:\/\/www.nordimeta.com\/#\/schema\/logo\/image\/"}}]}},"_links":{"self":[{"href":"https:\/\/www.nordimeta.com\/es\/wp-json\/wp\/v2\/pages\/3666","targetHints":{"allow":["GET"]}}],"collection":[{"href":"https:\/\/www.nordimeta.com\/es\/wp-json\/wp\/v2\/pages"}],"about":[{"href":"https:\/\/www.nordimeta.com\/es\/wp-json\/wp\/v2\/types\/page"}],"author":[{"embeddable":true,"href":"https:\/\/www.nordimeta.com\/es\/wp-json\/wp\/v2\/users\/1"}],"replies":[{"embeddable":true,"href":"https:\/\/www.nordimeta.com\/es\/wp-json\/wp\/v2\/comments?post=3666"}],"version-history":[{"count":3,"href":"https:\/\/www.nordimeta.com\/es\/wp-json\/wp\/v2\/pages\/3666\/revisions"}],"predecessor-version":[{"id":5774,"href":"https:\/\/www.nordimeta.com\/es\/wp-json\/wp\/v2\/pages\/3666\/revisions\/5774"}],"wp:attachment":[{"href":"https:\/\/www.nordimeta.com\/es\/wp-json\/wp\/v2\/media?parent=3666"}],"curies":[{"name":"wp","href":"https:\/\/api.w.org\/{rel}","templated":true}]}}